{"id":5767,"date":"2023-08-11T13:18:51","date_gmt":"2023-08-11T11:18:51","guid":{"rendered":"https:\/\/2sweet4me.com\/kako-nalepiti-obliz\/"},"modified":"2024-05-16T11:20:37","modified_gmt":"2024-05-16T09:20:37","slug":"navodila-za-uporabo-oblizev","status":"publish","type":"page","link":"https:\/\/2sweet4me.com\/sl\/navodila-za-uporabo-oblizev\/","title":{"rendered":"Kako nalepimo obli\u017e"},"content":{"rendered":"\t\t<div data-elementor-type=\"wp-page\" data-elementor-id=\"5767\" class=\"elementor elementor-5767 elementor-5584\" data-elementor-post-type=\"page\">\n\t\t\t\t<div class=\"elementor-element elementor-element-286a511 e-flex e-con-boxed e-con e-parent\" data-id=\"286a511\" data-element_type=\"container\" data-e-type=\"container\" data-settings=\"{&quot;background_background&quot;:&quot;classic&quot;}\">\n\t\t\t\t\t<div class=\"e-con-inner\">\n\t\t<div class=\"elementor-element elementor-element-0f2b343 e-con-full e-flex e-con e-child\" data-id=\"0f2b343\" data-element_type=\"container\" data-e-type=\"container\">\n\t\t\t\t<div class=\"elementor-element elementor-element-0ebeb4a elementor-widget elementor-widget-spacer\" data-id=\"0ebeb4a\" data-element_type=\"widget\" data-e-type=\"widget\" data-widget_type=\"spacer.default\">\n\t\t\t\t<div class=\"elementor-widget-container\">\n\t\t\t\t\t\t\t<div class=\"elementor-spacer\">\n\t\t\t<div class=\"elementor-spacer-inner\"><\/div>\n\t\t<\/div>\n\t\t\t\t\t\t<\/div>\n\t\t\t\t<\/div>\n\t\t\t\t<div class=\"elementor-element elementor-element-9cd099a elementor-widget elementor-widget-heading\" data-id=\"9cd099a\" data-element_type=\"widget\" data-e-type=\"widget\" data-widget_type=\"heading.default\">\n\t\t\t\t<div class=\"elementor-widget-container\">\n\t\t\t\t\t<h1 class=\"elementor-heading-title elementor-size-default\">Navodila za uporabo<\/h1>\t\t\t\t<\/div>\n\t\t\t\t<\/div>\n\t\t\t\t<div class=\"elementor-element elementor-element-0f1b7a8 elementor-widget elementor-widget-text-editor\" data-id=\"0f1b7a8\" data-element_type=\"widget\" data-e-type=\"widget\" data-widget_type=\"text-editor.default\">\n\t\t\t\t<div class=\"elementor-widget-container\">\n\t\t\t\t\t\t\t\t\t<p><span style=\"color: #ffffff; font-size: 24px; font-weight: bold; text-align: center;\">Kako pravilno nalepite in uporabljate obli\u017ee 2sweet4me<\/span><\/p>\n\t\t\t\t\t\t\t\t<\/div>\n\t\t\t\t<\/div>\n\t\t\t\t<\/div>\n\t\t\t\t\t<\/div>\n\t\t\t\t<\/div>\n\t\t<div class=\"elementor-element elementor-element-07c5d54 e-flex e-con-boxed e-con e-parent\" data-id=\"07c5d54\" data-element_type=\"container\" data-e-type=\"container\">\n\t\t\t\t\t<div class=\"e-con-inner\">\n\t\t<div class=\"elementor-element elementor-element-8c72535 e-con-full e-flex e-con e-child\" data-id=\"8c72535\" data-element_type=\"container\" data-e-type=\"container\">\n\t\t\t\t<\/div>\n\t\t<div class=\"elementor-element elementor-element-ce76308 e-con-full e-flex e-con e-child\" data-id=\"ce76308\" data-element_type=\"container\" data-e-type=\"container\">\n\t\t\t\t<div class=\"elementor-element elementor-element-0d5eea1 elementor-widget elementor-widget-spacer\" data-id=\"0d5eea1\" data-element_type=\"widget\" data-e-type=\"widget\" data-widget_type=\"spacer.default\">\n\t\t\t\t<div class=\"elementor-widget-container\">\n\t\t\t\t\t\t\t<div class=\"elementor-spacer\">\n\t\t\t<div class=\"elementor-spacer-inner\"><\/div>\n\t\t<\/div>\n\t\t\t\t\t\t<\/div>\n\t\t\t\t<\/div>\n\t\t\t\t<div class=\"elementor-element elementor-element-60d939a elementor-widget elementor-widget-text-editor\" data-id=\"60d939a\" data-element_type=\"widget\" data-e-type=\"widget\" data-widget_type=\"text-editor.default\">\n\t\t\t\t<div class=\"elementor-widget-container\">\n\t\t\t\t\t\t\t\t\t<p><strong>KAKO NALEPIMO OBLI\u017d<\/strong><\/p>\n<ol>\n<li>Najprej si temeljito umijte roke z vodo in milom ter si jih dobro osu\u0161ite.<\/li>\n<li>O\u010distite in razku\u017eite tisti del ko\u017ee, kamor boste vstavili senzor in prilepili obli\u017e. Priporo\u010damo uporabo alkoholnih rob\u010dkov. Ko\u017ea ne sme biti umazana, mastna in na njej ne sme biti odmrle ko\u017ee. Po\u010dakajte, da se ko\u017ea posu\u0161i.<\/li>\n<li>Previdno odlepite obli\u017e od podlage in se pri tem \u010dim manj dotikajte lepila.<\/li>\n<li>Namestite ga \u010dez senzor, tako da je poravnan na sredino.<\/li>\n<li>Obli\u017e poravnate proti robovom, tako da niso zavihani, in ga dobro pogladite ob ko\u017eo.<\/li>\n<\/ol>\n<p><strong>KAKO SKRBIMO ZA OBLI\u017d<\/strong><\/p>\n<ol>\n<li>Ko obli\u017e prilepite, ga vsaj 1 uro ne smete zmo\u010diti.<\/li>\n<li>Po stiku z vodo (po kopanju ali prhanju) ga osu\u0161ite z brisa\u010do ali s fenom.<\/li>\n<li>Podro\u010dja okrog obli\u017ea ne ma\u017eemo z mastnimi kremami.<\/li>\n<li>Za odstranjevanje obli\u017ea s ko\u017ee boste morda potrebovali pr\u0161ilo za odstranjevanje medicinskih lepil.<\/li>\n<\/ol>\n<p><strong>DODATNI NAMIGI<\/strong><\/p>\n<ol>\n<li>Obli\u017ea ne name\u0161\u010dajte tik preden se boste prhali, kopali, plavali ali telovadili.<\/li>\n<li>Priporo\u010damo, da obli\u017e namestite popoldne ali zve\u010der, ko je manj\u0161a verjetnost potenja, \u0161e posebej poleti.<\/li>\n<li>Obli\u017e vedno namestite na ko\u017eo, ki je \u010dista in suha.<\/li>\n<\/ol>\n<p><strong>\u010cE IMATE KAK\u0160NO VPRA\u0160ANJE<\/strong><\/p>\n<ol>\n<li>Preberite <strong><a href=\"https:\/\/2sweet4me.com\/sl\/pogosta-vprasanja\/\">Pogosto zastavljena vpra\u0161anja<\/a><\/strong> in odgovore.<\/li>\n<li>Pi\u0161ite nam na <strong><a href=\"mailto:info@2sweet4me.com\">info@2sweet4me.com<\/a><\/strong>.<\/li>\n<\/ol>\n\t\t\t\t\t\t\t\t<\/div>\n\t\t\t\t<\/div>\n\t\t\t\t<div class=\"elementor-element elementor-element-b622657 elementor-widget elementor-widget-menu-anchor\" data-id=\"b622657\" data-element_type=\"widget\" data-e-type=\"widget\" data-widget_type=\"menu-anchor.default\">\n\t\t\t\t<div class=\"elementor-widget-container\">\n\t\t\t\t\t\t\t<div class=\"elementor-menu-anchor\" id=\"problems\"><\/div>\n\t\t\t\t\t\t<\/div>\n\t\t\t\t<\/div>\n\t\t\t\t<div class=\"elementor-element elementor-element-7e5c506 elementor-widget elementor-widget-spacer\" data-id=\"7e5c506\" data-element_type=\"widget\" data-e-type=\"widget\" data-widget_type=\"spacer.default\">\n\t\t\t\t<div class=\"elementor-widget-container\">\n\t\t\t\t\t\t\t<div class=\"elementor-spacer\">\n\t\t\t<div class=\"elementor-spacer-inner\"><\/div>\n\t\t<\/div>\n\t\t\t\t\t\t<\/div>\n\t\t\t\t<\/div>\n\t\t\t\t<div class=\"elementor-element elementor-element-15be6cf elementor-widget elementor-widget-spacer\" data-id=\"15be6cf\" data-element_type=\"widget\" data-e-type=\"widget\" data-widget_type=\"spacer.default\">\n\t\t\t\t<div class=\"elementor-widget-container\">\n\t\t\t\t\t\t\t<div class=\"elementor-spacer\">\n\t\t\t<div class=\"elementor-spacer-inner\"><\/div>\n\t\t<\/div>\n\t\t\t\t\t\t<\/div>\n\t\t\t\t<\/div>\n\t\t\t\t<\/div>\n\t\t<div class=\"elementor-element elementor-element-31904a4 e-con-full e-flex e-con e-child\" data-id=\"31904a4\" data-element_type=\"container\" data-e-type=\"container\">\n\t\t\t\t<\/div>\n\t\t\t\t\t<\/div>\n\t\t\t\t<\/div>\n\t\t<div class=\"elementor-element elementor-element-28a71d3 e-flex e-con-boxed e-con e-parent\" data-id=\"28a71d3\" data-element_type=\"container\" data-e-type=\"container\">\n\t\t\t\t\t<div class=\"e-con-inner\">\n\t\t<div class=\"elementor-element elementor-element-9548055 e-grid e-con-boxed e-con e-child\" data-id=\"9548055\" data-element_type=\"container\" data-e-type=\"container\">\n\t\t\t\t\t<div class=\"e-con-inner\">\n\t\t\t\t<div class=\"elementor-element elementor-element-0cededf elementor-widget elementor-widget-image\" data-id=\"0cededf\" data-element_type=\"widget\" data-e-type=\"widget\" data-widget_type=\"image.default\">\n\t\t\t\t<div class=\"elementor-widget-container\">\n\t\t\t\t\t\t\t\t\t\t\t\t\t\t\t<img fetchpriority=\"high\" decoding=\"async\" width=\"1024\" height=\"1024\" src=\"https:\/\/2sweet4me.com\/wp-content\/uploads\/2024\/05\/5-nasvetov-za-uporabo-obliza-1024x1024.jpg\" class=\"attachment-large size-large wp-image-8563\" alt=\"\" srcset=\"https:\/\/2sweet4me.com\/wp-content\/uploads\/2024\/05\/5-nasvetov-za-uporabo-obliza-1024x1024.jpg 1024w, https:\/\/2sweet4me.com\/wp-content\/uploads\/2024\/05\/5-nasvetov-za-uporabo-obliza-300x300.jpg 300w, https:\/\/2sweet4me.com\/wp-content\/uploads\/2024\/05\/5-nasvetov-za-uporabo-obliza-150x150.jpg 150w, https:\/\/2sweet4me.com\/wp-content\/uploads\/2024\/05\/5-nasvetov-za-uporabo-obliza-768x768.jpg 768w, https:\/\/2sweet4me.com\/wp-content\/uploads\/2024\/05\/5-nasvetov-za-uporabo-obliza-600x600.jpg 600w, https:\/\/2sweet4me.com\/wp-content\/uploads\/2024\/05\/5-nasvetov-za-uporabo-obliza-100x100.jpg 100w, https:\/\/2sweet4me.com\/wp-content\/uploads\/2024\/05\/5-nasvetov-za-uporabo-obliza.jpg 1080w\" sizes=\"(max-width: 1024px) 100vw, 1024px\" \/>\t\t\t\t\t\t\t\t\t\t\t\t\t\t\t<\/div>\n\t\t\t\t<\/div>\n\t\t\t\t<div class=\"elementor-element elementor-element-98f303e elementor-widget elementor-widget-video\" data-id=\"98f303e\" data-element_type=\"widget\" data-e-type=\"widget\" data-settings=\"{&quot;video_type&quot;:&quot;hosted&quot;,&quot;controls&quot;:&quot;yes&quot;}\" data-widget_type=\"video.default\">\n\t\t\t\t<div class=\"elementor-widget-container\">\n\t\t\t\t\t\t\t<div class=\"e-hosted-video elementor-wrapper elementor-open-inline\">\n\t\t\t\t\t<video class=\"elementor-video\" src=\"https:\/\/2sweet4me.com\/wp-content\/uploads\/2024\/04\/04231.mp4\" controls=\"\" preload=\"metadata\" controlsList=\"nodownload\"><\/video>\n\t\t\t\t<\/div>\n\t\t\t\t\t\t<\/div>\n\t\t\t\t<\/div>\n\t\t\t\t\t<\/div>\n\t\t\t\t<\/div>\n\t\t\t\t\t<\/div>\n\t\t\t\t<\/div>\n\t\t\t\t<\/div>\n\t\t","protected":false},"excerpt":{"rendered":"<p>Navodila za uporabo Kako pravilno nalepite in uporabljate obli\u017ee 2sweet4me KAKO NALEPIMO OBLI\u017d Najprej si temeljito umijte roke z vodo in milom ter si jih dobro osu\u0161ite. O\u010distite in razku\u017eite tisti del ko\u017ee, kamor boste vstavili senzor in prilepili obli\u017e. Priporo\u010damo uporabo alkoholnih rob\u010dkov. Ko\u017ea ne sme biti umazana, mastna in na njej ne sme [&hellip;]<\/p>\n","protected":false},"author":2,"featured_media":0,"parent":0,"menu_order":0,"comment_status":"closed","ping_status":"closed","template":"","meta":{"_monsterinsights_skip_tracking":false,"_monsterinsights_sitenote_active":false,"_monsterinsights_sitenote_note":"","_monsterinsights_sitenote_category":0,"site-sidebar-layout":"no-sidebar","site-content-layout":"page-builder","ast-site-content-layout":"default","site-content-style":"default","site-sidebar-style":"default","ast-global-header-display":"","ast-banner-title-visibility":"","ast-main-header-display":"","ast-hfb-above-header-display":"","ast-hfb-below-header-display":"","ast-hfb-mobile-header-display":"","site-post-title":"disabled","ast-breadcrumbs-content":"","ast-featured-img":"disabled","footer-sml-layout":"","theme-transparent-header-meta":"","adv-header-id-meta":"","stick-header-meta":"","header-above-stick-meta":"","header-main-stick-meta":"","header-below-stick-meta":"","astra-migrate-meta-layouts":"default","ast-page-background-enabled":"default","ast-page-background-meta":{"desktop":{"background-color":"","background-image":"","background-repeat":"repeat","background-position":"center center","background-size":"auto","background-attachment":"scroll","background-type":"","background-media":"","overlay-type":"","overlay-color":"","overlay-opacity":"","overlay-gradient":""},"tablet":{"background-color":"","background-image":"","background-repeat":"repeat","background-position":"center center","background-size":"auto","background-attachment":"scroll","background-type":"","background-media":"","overlay-type":"","overlay-color":"","overlay-opacity":"","overlay-gradient":""},"mobile":{"background-color":"","background-image":"","background-repeat":"repeat","background-position":"center center","background-size":"auto","background-attachment":"scroll","background-type":"","background-media":"","overlay-type":"","overlay-color":"","overlay-opacity":"","overlay-gradient":""}},"ast-content-background-meta":{"desktop":{"background-color":"var(--ast-global-color-5)","background-image":"","background-repeat":"repeat","background-position":"center center","background-size":"auto","background-attachment":"scroll","background-type":"","background-media":"","overlay-type":"","overlay-color":"","overlay-opacity":"","overlay-gradient":""},"tablet":{"background-color":"var(--ast-global-color-5)","background-image":"","background-repeat":"repeat","background-position":"center center","background-size":"auto","background-attachment":"scroll","background-type":"","background-media":"","overlay-type":"","overlay-color":"","overlay-opacity":"","overlay-gradient":""},"mobile":{"background-color":"var(--ast-global-color-5)","background-image":"","background-repeat":"repeat","background-position":"center center","background-size":"auto","background-attachment":"scroll","background-type":"","background-media":"","overlay-type":"","overlay-color":"","overlay-opacity":"","overlay-gradient":""}},"footnotes":""},"class_list":["post-5767","page","type-page","status-publish","hentry"],"yoast_head":"<!-- This site is optimized with the Yoast SEO plugin v26.9 - https:\/\/yoast.com\/product\/yoast-seo-wordpress\/ -->\n<title>Kako nalepimo obli\u017e | 2sweet4me<\/title>\n<meta name=\"robots\" content=\"index, follow, max-snippet:-1, max-image-preview:large, max-video-preview:-1\" \/>\n<link rel=\"canonical\" href=\"https:\/\/2sweet4me.com\/sl\/navodila-za-uporabo-oblizev\/\" \/>\n<meta property=\"og:locale\" content=\"sl_SI\" \/>\n<meta property=\"og:type\" content=\"article\" \/>\n<meta property=\"og:title\" content=\"Kako nalepimo obli\u017e | 2sweet4me\" \/>\n<meta property=\"og:description\" content=\"Navodila za uporabo Kako pravilno nalepite in uporabljate obli\u017ee 2sweet4me KAKO NALEPIMO OBLI\u017d Najprej si temeljito umijte roke z vodo in milom ter si jih dobro osu\u0161ite. O\u010distite in razku\u017eite tisti del ko\u017ee, kamor boste vstavili senzor in prilepili obli\u017e. Priporo\u010damo uporabo alkoholnih rob\u010dkov. Ko\u017ea ne sme biti umazana, mastna in na njej ne sme [&hellip;]\" \/>\n<meta property=\"og:url\" content=\"https:\/\/2sweet4me.com\/sl\/navodila-za-uporabo-oblizev\/\" \/>\n<meta property=\"og:site_name\" content=\"2sweet4me\" \/>\n<meta property=\"article:modified_time\" content=\"2024-05-16T09:20:37+00:00\" \/>\n<meta property=\"og:image\" content=\"https:\/\/2sweet4me.com\/wp-content\/uploads\/2024\/05\/5-nasvetov-za-uporabo-obliza-1024x1024.jpg\" \/>\n<meta name=\"twitter:card\" content=\"summary_large_image\" \/>\n<script type=\"application\/ld+json\" class=\"yoast-schema-graph\">{\"@context\":\"https:\/\/schema.org\",\"@graph\":[{\"@type\":\"WebPage\",\"@id\":\"https:\/\/2sweet4me.com\/sl\/navodila-za-uporabo-oblizev\/\",\"url\":\"https:\/\/2sweet4me.com\/sl\/navodila-za-uporabo-oblizev\/\",\"name\":\"Kako nalepimo obli\u017e | 2sweet4me\",\"isPartOf\":{\"@id\":\"https:\/\/2sweet4me.com\/sl\/#website\"},\"primaryImageOfPage\":{\"@id\":\"https:\/\/2sweet4me.com\/sl\/navodila-za-uporabo-oblizev\/#primaryimage\"},\"image\":{\"@id\":\"https:\/\/2sweet4me.com\/sl\/navodila-za-uporabo-oblizev\/#primaryimage\"},\"thumbnailUrl\":\"https:\/\/2sweet4me.com\/wp-content\/uploads\/2024\/05\/5-nasvetov-za-uporabo-obliza-1024x1024.jpg\",\"datePublished\":\"2023-08-11T11:18:51+00:00\",\"dateModified\":\"2024-05-16T09:20:37+00:00\",\"breadcrumb\":{\"@id\":\"https:\/\/2sweet4me.com\/sl\/navodila-za-uporabo-oblizev\/#breadcrumb\"},\"inLanguage\":\"sl-SI\",\"potentialAction\":[{\"@type\":\"ReadAction\",\"target\":[\"https:\/\/2sweet4me.com\/sl\/navodila-za-uporabo-oblizev\/\"]}]},{\"@type\":\"ImageObject\",\"inLanguage\":\"sl-SI\",\"@id\":\"https:\/\/2sweet4me.com\/sl\/navodila-za-uporabo-oblizev\/#primaryimage\",\"url\":\"https:\/\/2sweet4me.com\/wp-content\/uploads\/2024\/05\/5-nasvetov-za-uporabo-obliza-1024x1024.jpg\",\"contentUrl\":\"https:\/\/2sweet4me.com\/wp-content\/uploads\/2024\/05\/5-nasvetov-za-uporabo-obliza-1024x1024.jpg\"},{\"@type\":\"BreadcrumbList\",\"@id\":\"https:\/\/2sweet4me.com\/sl\/navodila-za-uporabo-oblizev\/#breadcrumb\",\"itemListElement\":[{\"@type\":\"ListItem\",\"position\":1,\"name\":\"Domov\",\"item\":\"https:\/\/2sweet4me.com\/sl\/domov\/\"},{\"@type\":\"ListItem\",\"position\":2,\"name\":\"Kako nalepimo obli\u017e\"}]},{\"@type\":\"WebSite\",\"@id\":\"https:\/\/2sweet4me.com\/sl\/#website\",\"url\":\"https:\/\/2sweet4me.com\/sl\/\",\"name\":\"2sweet4me\",\"description\":\"Diabetes looking good\",\"publisher\":{\"@id\":\"https:\/\/2sweet4me.com\/sl\/#organization\"},\"potentialAction\":[{\"@type\":\"SearchAction\",\"target\":{\"@type\":\"EntryPoint\",\"urlTemplate\":\"https:\/\/2sweet4me.com\/sl\/?s={search_term_string}\"},\"query-input\":{\"@type\":\"PropertyValueSpecification\",\"valueRequired\":true,\"valueName\":\"search_term_string\"}}],\"inLanguage\":\"sl-SI\"},{\"@type\":\"Organization\",\"@id\":\"https:\/\/2sweet4me.com\/sl\/#organization\",\"name\":\"2sweet4me\",\"url\":\"https:\/\/2sweet4me.com\/sl\/\",\"logo\":{\"@type\":\"ImageObject\",\"inLanguage\":\"sl-SI\",\"@id\":\"https:\/\/2sweet4me.com\/sl\/#\/schema\/logo\/image\/\",\"url\":\"https:\/\/2sweet4me.com\/wp-content\/uploads\/2023\/03\/My-Daily-Routine_2.png\",\"contentUrl\":\"https:\/\/2sweet4me.com\/wp-content\/uploads\/2023\/03\/My-Daily-Routine_2.png\",\"width\":1600,\"height\":900,\"caption\":\"2sweet4me\"},\"image\":{\"@id\":\"https:\/\/2sweet4me.com\/sl\/#\/schema\/logo\/image\/\"}}]}<\/script>\n<!-- \/ Yoast SEO plugin. -->","yoast_head_json":{"title":"Kako nalepimo obli\u017e | 2sweet4me","robots":{"index":"index","follow":"follow","max-snippet":"max-snippet:-1","max-image-preview":"max-image-preview:large","max-video-preview":"max-video-preview:-1"},"canonical":"https:\/\/2sweet4me.com\/sl\/navodila-za-uporabo-oblizev\/","og_locale":"sl_SI","og_type":"article","og_title":"Kako nalepimo obli\u017e | 2sweet4me","og_description":"Navodila za uporabo Kako pravilno nalepite in uporabljate obli\u017ee 2sweet4me KAKO NALEPIMO OBLI\u017d Najprej si temeljito umijte roke z vodo in milom ter si jih dobro osu\u0161ite. O\u010distite in razku\u017eite tisti del ko\u017ee, kamor boste vstavili senzor in prilepili obli\u017e. Priporo\u010damo uporabo alkoholnih rob\u010dkov. Ko\u017ea ne sme biti umazana, mastna in na njej ne sme [&hellip;]","og_url":"https:\/\/2sweet4me.com\/sl\/navodila-za-uporabo-oblizev\/","og_site_name":"2sweet4me","article_modified_time":"2024-05-16T09:20:37+00:00","og_image":[{"url":"https:\/\/2sweet4me.com\/wp-content\/uploads\/2024\/05\/5-nasvetov-za-uporabo-obliza-1024x1024.jpg","type":"","width":"","height":""}],"twitter_card":"summary_large_image","schema":{"@context":"https:\/\/schema.org","@graph":[{"@type":"WebPage","@id":"https:\/\/2sweet4me.com\/sl\/navodila-za-uporabo-oblizev\/","url":"https:\/\/2sweet4me.com\/sl\/navodila-za-uporabo-oblizev\/","name":"Kako nalepimo obli\u017e | 2sweet4me","isPartOf":{"@id":"https:\/\/2sweet4me.com\/sl\/#website"},"primaryImageOfPage":{"@id":"https:\/\/2sweet4me.com\/sl\/navodila-za-uporabo-oblizev\/#primaryimage"},"image":{"@id":"https:\/\/2sweet4me.com\/sl\/navodila-za-uporabo-oblizev\/#primaryimage"},"thumbnailUrl":"https:\/\/2sweet4me.com\/wp-content\/uploads\/2024\/05\/5-nasvetov-za-uporabo-obliza-1024x1024.jpg","datePublished":"2023-08-11T11:18:51+00:00","dateModified":"2024-05-16T09:20:37+00:00","breadcrumb":{"@id":"https:\/\/2sweet4me.com\/sl\/navodila-za-uporabo-oblizev\/#breadcrumb"},"inLanguage":"sl-SI","potentialAction":[{"@type":"ReadAction","target":["https:\/\/2sweet4me.com\/sl\/navodila-za-uporabo-oblizev\/"]}]},{"@type":"ImageObject","inLanguage":"sl-SI","@id":"https:\/\/2sweet4me.com\/sl\/navodila-za-uporabo-oblizev\/#primaryimage","url":"https:\/\/2sweet4me.com\/wp-content\/uploads\/2024\/05\/5-nasvetov-za-uporabo-obliza-1024x1024.jpg","contentUrl":"https:\/\/2sweet4me.com\/wp-content\/uploads\/2024\/05\/5-nasvetov-za-uporabo-obliza-1024x1024.jpg"},{"@type":"BreadcrumbList","@id":"https:\/\/2sweet4me.com\/sl\/navodila-za-uporabo-oblizev\/#breadcrumb","itemListElement":[{"@type":"ListItem","position":1,"name":"Domov","item":"https:\/\/2sweet4me.com\/sl\/domov\/"},{"@type":"ListItem","position":2,"name":"Kako nalepimo obli\u017e"}]},{"@type":"WebSite","@id":"https:\/\/2sweet4me.com\/sl\/#website","url":"https:\/\/2sweet4me.com\/sl\/","name":"2sweet4me","description":"Diabetes looking good","publisher":{"@id":"https:\/\/2sweet4me.com\/sl\/#organization"},"potentialAction":[{"@type":"SearchAction","target":{"@type":"EntryPoint","urlTemplate":"https:\/\/2sweet4me.com\/sl\/?s={search_term_string}"},"query-input":{"@type":"PropertyValueSpecification","valueRequired":true,"valueName":"search_term_string"}}],"inLanguage":"sl-SI"},{"@type":"Organization","@id":"https:\/\/2sweet4me.com\/sl\/#organization","name":"2sweet4me","url":"https:\/\/2sweet4me.com\/sl\/","logo":{"@type":"ImageObject","inLanguage":"sl-SI","@id":"https:\/\/2sweet4me.com\/sl\/#\/schema\/logo\/image\/","url":"https:\/\/2sweet4me.com\/wp-content\/uploads\/2023\/03\/My-Daily-Routine_2.png","contentUrl":"https:\/\/2sweet4me.com\/wp-content\/uploads\/2023\/03\/My-Daily-Routine_2.png","width":1600,"height":900,"caption":"2sweet4me"},"image":{"@id":"https:\/\/2sweet4me.com\/sl\/#\/schema\/logo\/image\/"}}]}},"_links":{"self":[{"href":"https:\/\/2sweet4me.com\/sl\/wp-json\/wp\/v2\/pages\/5767","targetHints":{"allow":["GET"]}}],"collection":[{"href":"https:\/\/2sweet4me.com\/sl\/wp-json\/wp\/v2\/pages"}],"about":[{"href":"https:\/\/2sweet4me.com\/sl\/wp-json\/wp\/v2\/types\/page"}],"author":[{"embeddable":true,"href":"https:\/\/2sweet4me.com\/sl\/wp-json\/wp\/v2\/users\/2"}],"replies":[{"embeddable":true,"href":"https:\/\/2sweet4me.com\/sl\/wp-json\/wp\/v2\/comments?post=5767"}],"version-history":[{"count":0,"href":"https:\/\/2sweet4me.com\/sl\/wp-json\/wp\/v2\/pages\/5767\/revisions"}],"wp:attachment":[{"href":"https:\/\/2sweet4me.com\/sl\/wp-json\/wp\/v2\/media?parent=5767"}],"curies":[{"name":"wp","href":"https:\/\/api.w.org\/{rel}","templated":true}]}}