{"id":5839,"date":"2017-12-21T09:00:47","date_gmt":"2017-12-21T08:00:47","guid":{"rendered":"https:\/\/2sweet4me.com\/stik-z-nami\/"},"modified":"2025-01-29T10:51:39","modified_gmt":"2025-01-29T09:51:39","slug":"stik-z-nami","status":"publish","type":"page","link":"https:\/\/2sweet4me.com\/sl\/stik-z-nami\/","title":{"rendered":"Stik z nami"},"content":{"rendered":"\t\t<div data-elementor-type=\"wp-post\" data-elementor-id=\"5839\" class=\"elementor elementor-5839 elementor-414\" data-elementor-post-type=\"page\">\n\t\t\t\t<div class=\"elementor-element elementor-element-04101d3 e-flex e-con-boxed e-con e-parent\" data-id=\"04101d3\" data-element_type=\"container\" data-e-type=\"container\" data-settings=\"{&quot;background_background&quot;:&quot;classic&quot;}\">\n\t\t\t\t\t<div class=\"e-con-inner\">\n\t\t<div class=\"elementor-element elementor-element-7792965 e-con-full e-flex e-con e-child\" data-id=\"7792965\" data-element_type=\"container\" data-e-type=\"container\">\n\t\t\t\t<div class=\"elementor-element elementor-element-1b7b18d elementor-widget elementor-widget-spacer\" data-id=\"1b7b18d\" data-element_type=\"widget\" data-e-type=\"widget\" data-widget_type=\"spacer.default\">\n\t\t\t\t<div class=\"elementor-widget-container\">\n\t\t\t\t\t\t\t<div class=\"elementor-spacer\">\n\t\t\t<div class=\"elementor-spacer-inner\"><\/div>\n\t\t<\/div>\n\t\t\t\t\t\t<\/div>\n\t\t\t\t<\/div>\n\t\t\t\t<div class=\"elementor-element elementor-element-61ac233 elementor-widget elementor-widget-text-editor\" data-id=\"61ac233\" data-element_type=\"widget\" data-e-type=\"widget\" data-widget_type=\"text-editor.default\">\n\t\t\t\t<div class=\"elementor-widget-container\">\n\t\t\t\t\t\t\t\t\t<p>Imate vpra\u0161anje ali pomislek?<\/p>\n\t\t\t\t\t\t\t\t<\/div>\n\t\t\t\t<\/div>\n\t\t\t\t<div class=\"elementor-element elementor-element-ca03534 elementor-widget elementor-widget-heading\" data-id=\"ca03534\" data-element_type=\"widget\" data-e-type=\"widget\" data-widget_type=\"heading.default\">\n\t\t\t\t<div class=\"elementor-widget-container\">\n\t\t\t\t\t<h1 class=\"elementor-heading-title elementor-size-default\">Tukaj smo za vas.<\/h1>\t\t\t\t<\/div>\n\t\t\t\t<\/div>\n\t\t\t\t<\/div>\n\t\t\t\t\t<\/div>\n\t\t\t\t<\/div>\n\t\t<div class=\"elementor-element elementor-element-fc3c56a e-con-full e-flex e-con e-parent\" data-id=\"fc3c56a\" data-element_type=\"container\" data-e-type=\"container\" data-settings=\"{&quot;background_background&quot;:&quot;classic&quot;}\">\n\t\t<div class=\"elementor-element elementor-element-1de68ef e-con-full e-flex e-con e-child\" data-id=\"1de68ef\" data-element_type=\"container\" data-e-type=\"container\">\n\t\t<div class=\"elementor-element elementor-element-4e25905 e-con-full e-flex e-con e-child\" data-id=\"4e25905\" data-element_type=\"container\" data-e-type=\"container\" data-settings=\"{&quot;background_background&quot;:&quot;classic&quot;}\">\n\t\t\t\t<div class=\"elementor-element elementor-element-a42b814 elementor-widget elementor-widget-text-editor\" data-id=\"a42b814\" data-element_type=\"widget\" data-e-type=\"widget\" data-widget_type=\"text-editor.default\">\n\t\t\t\t<div class=\"elementor-widget-container\">\n\t\t\t\t\t\t\t\t\t<p>Va\u0161e vpra\u0161anje ima morda \u017ee odgovor &#8211; preverite <strong><a href=\"https:\/\/2sweet4me\/sl\/pogosta-vprasanja\/\">Pogosto zastavljena vpra\u0161anja<\/a><\/strong>.<\/p>\n<p><strong>Pi\u0161ite nam na <a href=\"mailto:info@2sweet4me.com\">info@2sweet4me.com<\/a> ali pa izpolnite spodnji obrazec.<\/strong><\/p>\n\t\t\t\t\t\t\t\t<\/div>\n\t\t\t\t<\/div>\n\t\t\t\t<\/div>\n\t\t\t\t<\/div>\n\t\t\t\t<\/div>\n\t\t<div class=\"elementor-element elementor-element-f82215a e-flex e-con-boxed e-con e-parent\" data-id=\"f82215a\" data-element_type=\"container\" data-e-type=\"container\" data-settings=\"{&quot;background_background&quot;:&quot;classic&quot;}\">\n\t\t\t\t\t<div class=\"e-con-inner\">\n\t\t<div class=\"elementor-element elementor-element-a32a476 e-con-full e-flex e-con e-child\" data-id=\"a32a476\" data-element_type=\"container\" data-e-type=\"container\">\n\t\t\t\t<\/div>\n\t\t<div class=\"elementor-element elementor-element-96918f9 e-con-full e-flex e-con e-child\" data-id=\"96918f9\" data-element_type=\"container\" data-e-type=\"container\" data-settings=\"{&quot;background_background&quot;:&quot;classic&quot;}\">\n\t\t\t\t<div class=\"elementor-element elementor-element-cc8a19f elementor-widget elementor-widget-text-editor\" data-id=\"cc8a19f\" data-element_type=\"widget\" data-e-type=\"widget\" data-widget_type=\"text-editor.default\">\n\t\t\t\t<div class=\"elementor-widget-container\">\n\t\t\t\t\t\t\t\t\t<p><b>KONTAKTNI OBRAZEC<\/b><\/p>\n\t\t\t\t\t\t\t\t<\/div>\n\t\t\t\t<\/div>\n\t\t\t\t<div class=\"elementor-element elementor-element-1d81968 elementor-widget elementor-widget-text-editor\" data-id=\"1d81968\" data-element_type=\"widget\" data-e-type=\"widget\" data-widget_type=\"text-editor.default\">\n\t\t\t\t<div class=\"elementor-widget-container\">\n\t\t\t\t\t\t\t\t\t\n<div class=\"wpcf7 no-js\" id=\"wpcf7-f5841-o1\" lang=\"sl-SI\" dir=\"ltr\" data-wpcf7-id=\"5841\">\n<div class=\"screen-reader-response\"><p role=\"status\" aria-live=\"polite\" aria-atomic=\"true\"><\/p> <ul><\/ul><\/div>\n<form action=\"\/sl\/wp-json\/wp\/v2\/pages\/5839#wpcf7-f5841-o1\" method=\"post\" class=\"wpcf7-form init\" aria-label=\"Contact form\" novalidate=\"novalidate\" data-status=\"init\">\n<fieldset class=\"hidden-fields-container\"><input type=\"hidden\" name=\"_wpcf7\" value=\"5841\" \/><input type=\"hidden\" name=\"_wpcf7_version\" value=\"6.1.5\" \/><input type=\"hidden\" name=\"_wpcf7_locale\" value=\"sl_SI\" \/><input type=\"hidden\" name=\"_wpcf7_unit_tag\" value=\"wpcf7-f5841-o1\" \/><input type=\"hidden\" name=\"_wpcf7_container_post\" value=\"0\" \/><input type=\"hidden\" name=\"_wpcf7_posted_data_hash\" value=\"\" \/>\n<\/fieldset>\n<p><label> Va\u0161e ime<br \/>\n<span class=\"wpcf7-form-control-wrap\" data-name=\"your-name\"><input size=\"40\" maxlength=\"400\" class=\"wpcf7-form-control wpcf7-text wpcf7-validates-as-required\" autocomplete=\"name\" aria-required=\"true\" aria-invalid=\"false\" value=\"\" type=\"text\" name=\"your-name\" \/><\/span> <\/label>\n<\/p>\n<p><label> Va\u0161 elektronski naslov<br \/>\n<span class=\"wpcf7-form-control-wrap\" data-name=\"your-email\"><input size=\"40\" maxlength=\"400\" class=\"wpcf7-form-control wpcf7-email wpcf7-validates-as-required wpcf7-text wpcf7-validates-as-email\" autocomplete=\"email\" aria-required=\"true\" aria-invalid=\"false\" value=\"\" type=\"email\" name=\"your-email\" \/><\/span> <\/label>\n<\/p>\n<p><label> Va\u0161e sporo\u010dilo<br \/>\n<span class=\"wpcf7-form-control-wrap\" data-name=\"your-message\"><textarea cols=\"40\" rows=\"10\" maxlength=\"2000\" class=\"wpcf7-form-control wpcf7-textarea\" aria-invalid=\"false\" name=\"your-message\"><\/textarea><\/span> <\/label>\n<\/p>\n<p style=\"font-size:1em;  \"><span class=\"wpcf7-form-control-wrap\" data-name=\"acceptance-312\"><span class=\"wpcf7-form-control wpcf7-acceptance\"><span class=\"wpcf7-list-item\"><label><input type=\"checkbox\" name=\"acceptance-312\" value=\"1\" aria-invalid=\"false\" \/><span class=\"wpcf7-list-item-label\">Strinjam se s <a href=\"https:\/\/2sweet4me.com\/sl\/pogoji-poslovanja\/\" target=\"_blank\">Splo\u0161nimi pogoji poslovanja<\/a>.<\/span><\/label><\/span><\/span><\/span>\n<\/p>\n<p style=\"font-size:1em; padding-bottom:20px;\"><span class=\"wpcf7-form-control-wrap\" data-name=\"acceptance-485\"><span class=\"wpcf7-form-control wpcf7-acceptance optional\"><span class=\"wpcf7-list-item\"><label><input type=\"checkbox\" name=\"acceptance-485\" value=\"1\" aria-invalid=\"false\" \/><span class=\"wpcf7-list-item-label\">\u017delim se naro\u010diti na novice.<\/span><\/label><\/span><\/span><\/span>\n<\/p>\n<p style=\"font-size:1em;\">Varnostno vpra\u0161anje:<span class=\"wpcf7-form-control-wrap\" data-name=\"quiz-226\"><label><span class=\"wpcf7-quiz-label\">Katera \u0161tevilka je vi\u0161ja, 7 ali 2?<\/span> <input size=\"40\" class=\"wpcf7-form-control wpcf7-quiz\" autocomplete=\"off\" aria-required=\"true\" aria-invalid=\"false\" type=\"text\" name=\"quiz-226\" \/><\/label><input type=\"hidden\" name=\"_wpcf7_quiz_answer_quiz-226\" value=\"2c70fb8f84d8b289f73f0bda2eab2133\" \/><\/span>\n<\/p>\n<p><input class=\"wpcf7-form-control wpcf7-submit has-spinner\" type=\"submit\" value=\"Po\u0161lji\" \/>\n<\/p><input type='hidden' class='wpcf7-pum' value='{\"closepopup\":false,\"closedelay\":0,\"openpopup\":false,\"openpopup_id\":0}' \/><div class=\"wpcf7-response-output\" aria-hidden=\"true\"><\/div>\n<\/form>\n<\/div>\n\n\t\t\t\t\t\t\t\t<\/div>\n\t\t\t\t<\/div>\n\t\t\t\t<\/div>\n\t\t<div class=\"elementor-element elementor-element-aa108cf e-con-full e-flex e-con e-child\" data-id=\"aa108cf\" data-element_type=\"container\" data-e-type=\"container\">\n\t\t\t\t<\/div>\n\t\t\t\t\t<\/div>\n\t\t\t\t<\/div>\n\t\t\t\t<\/div>\n\t\t","protected":false},"excerpt":{"rendered":"<p>Imate vpra\u0161anje ali pomislek? Tukaj smo za vas. Va\u0161e vpra\u0161anje ima morda \u017ee odgovor &#8211; preverite Pogosto zastavljena vpra\u0161anja. Pi\u0161ite nam na info@2sweet4me.com ali pa izpolnite spodnji obrazec. KONTAKTNI OBRAZEC<\/p>\n","protected":false},"author":2,"featured_media":0,"parent":0,"menu_order":0,"comment_status":"closed","ping_status":"closed","template":"","meta":{"_monsterinsights_skip_tracking":false,"_monsterinsights_sitenote_active":false,"_monsterinsights_sitenote_note":"","_monsterinsights_sitenote_category":0,"site-sidebar-layout":"no-sidebar","site-content-layout":"page-builder","ast-site-content-layout":"default","site-content-style":"default","site-sidebar-style":"default","ast-global-header-display":"","ast-banner-title-visibility":"","ast-main-header-display":"","ast-hfb-above-header-display":"","ast-hfb-below-header-display":"","ast-hfb-mobile-header-display":"","site-post-title":"disabled","ast-breadcrumbs-content":"","ast-featured-img":"disabled","footer-sml-layout":"","theme-transparent-header-meta":"enabled","adv-header-id-meta":"","stick-header-meta":"","header-above-stick-meta":"","header-main-stick-meta":"","header-below-stick-meta":"","astra-migrate-meta-layouts":"default","ast-page-background-enabled":"default","ast-page-background-meta":{"desktop":{"background-color":"","background-image":"","background-repeat":"repeat","background-position":"center center","background-size":"auto","background-attachment":"scroll","background-type":"","background-media":"","overlay-type":"","overlay-color":"","overlay-opacity":"","overlay-gradient":""},"tablet":{"background-color":"","background-image":"","background-repeat":"repeat","background-position":"center center","background-size":"auto","background-attachment":"scroll","background-type":"","background-media":"","overlay-type":"","overlay-color":"","overlay-opacity":"","overlay-gradient":""},"mobile":{"background-color":"","background-image":"","background-repeat":"repeat","background-position":"center center","background-size":"auto","background-attachment":"scroll","background-type":"","background-media":"","overlay-type":"","overlay-color":"","overlay-opacity":"","overlay-gradient":""}},"ast-content-background-meta":{"desktop":{"background-color":"var(--ast-global-color-5)","background-image":"","background-repeat":"repeat","background-position":"center center","background-size":"auto","background-attachment":"scroll","background-type":"","background-media":"","overlay-type":"","overlay-color":"","overlay-opacity":"","overlay-gradient":""},"tablet":{"background-color":"var(--ast-global-color-5)","background-image":"","background-repeat":"repeat","background-position":"center center","background-size":"auto","background-attachment":"scroll","background-type":"","background-media":"","overlay-type":"","overlay-color":"","overlay-opacity":"","overlay-gradient":""},"mobile":{"background-color":"var(--ast-global-color-5)","background-image":"","background-repeat":"repeat","background-position":"center center","background-size":"auto","background-attachment":"scroll","background-type":"","background-media":"","overlay-type":"","overlay-color":"","overlay-opacity":"","overlay-gradient":""}},"footnotes":""},"class_list":["post-5839","page","type-page","status-publish","hentry"],"yoast_head":"<!-- This site is optimized with the Yoast SEO plugin v26.9 - https:\/\/yoast.com\/product\/yoast-seo-wordpress\/ -->\n<title>Stik z nami | 2sweet4me<\/title>\n<meta name=\"robots\" content=\"index, follow, max-snippet:-1, max-image-preview:large, max-video-preview:-1\" \/>\n<link rel=\"canonical\" href=\"https:\/\/2sweet4me.com\/sl\/stik-z-nami\/\" \/>\n<meta property=\"og:locale\" content=\"sl_SI\" \/>\n<meta property=\"og:type\" content=\"article\" \/>\n<meta property=\"og:title\" content=\"Stik z nami | 2sweet4me\" \/>\n<meta property=\"og:description\" content=\"Imate vpra\u0161anje ali pomislek? Tukaj smo za vas. Va\u0161e vpra\u0161anje ima morda \u017ee odgovor &#8211; preverite Pogosto zastavljena vpra\u0161anja. Pi\u0161ite nam na info@2sweet4me.com ali pa izpolnite spodnji obrazec. KONTAKTNI OBRAZEC\" \/>\n<meta property=\"og:url\" content=\"https:\/\/2sweet4me.com\/sl\/stik-z-nami\/\" \/>\n<meta property=\"og:site_name\" content=\"2sweet4me\" \/>\n<meta property=\"article:modified_time\" content=\"2025-01-29T09:51:39+00:00\" \/>\n<meta name=\"twitter:card\" content=\"summary_large_image\" \/>\n<script type=\"application\/ld+json\" class=\"yoast-schema-graph\">{\"@context\":\"https:\/\/schema.org\",\"@graph\":[{\"@type\":\"WebPage\",\"@id\":\"https:\/\/2sweet4me.com\/sl\/stik-z-nami\/\",\"url\":\"https:\/\/2sweet4me.com\/sl\/stik-z-nami\/\",\"name\":\"Stik z nami | 2sweet4me\",\"isPartOf\":{\"@id\":\"https:\/\/2sweet4me.com\/sl\/#website\"},\"datePublished\":\"2017-12-21T08:00:47+00:00\",\"dateModified\":\"2025-01-29T09:51:39+00:00\",\"breadcrumb\":{\"@id\":\"https:\/\/2sweet4me.com\/sl\/stik-z-nami\/#breadcrumb\"},\"inLanguage\":\"sl-SI\",\"potentialAction\":[{\"@type\":\"ReadAction\",\"target\":[\"https:\/\/2sweet4me.com\/sl\/stik-z-nami\/\"]}]},{\"@type\":\"BreadcrumbList\",\"@id\":\"https:\/\/2sweet4me.com\/sl\/stik-z-nami\/#breadcrumb\",\"itemListElement\":[{\"@type\":\"ListItem\",\"position\":1,\"name\":\"Domov\",\"item\":\"https:\/\/2sweet4me.com\/sl\/domov\/\"},{\"@type\":\"ListItem\",\"position\":2,\"name\":\"Stik z nami\"}]},{\"@type\":\"WebSite\",\"@id\":\"https:\/\/2sweet4me.com\/sl\/#website\",\"url\":\"https:\/\/2sweet4me.com\/sl\/\",\"name\":\"2sweet4me\",\"description\":\"Diabetes looking good\",\"publisher\":{\"@id\":\"https:\/\/2sweet4me.com\/sl\/#organization\"},\"potentialAction\":[{\"@type\":\"SearchAction\",\"target\":{\"@type\":\"EntryPoint\",\"urlTemplate\":\"https:\/\/2sweet4me.com\/sl\/?s={search_term_string}\"},\"query-input\":{\"@type\":\"PropertyValueSpecification\",\"valueRequired\":true,\"valueName\":\"search_term_string\"}}],\"inLanguage\":\"sl-SI\"},{\"@type\":\"Organization\",\"@id\":\"https:\/\/2sweet4me.com\/sl\/#organization\",\"name\":\"2sweet4me\",\"url\":\"https:\/\/2sweet4me.com\/sl\/\",\"logo\":{\"@type\":\"ImageObject\",\"inLanguage\":\"sl-SI\",\"@id\":\"https:\/\/2sweet4me.com\/sl\/#\/schema\/logo\/image\/\",\"url\":\"https:\/\/2sweet4me.com\/wp-content\/uploads\/2023\/03\/My-Daily-Routine_2.png\",\"contentUrl\":\"https:\/\/2sweet4me.com\/wp-content\/uploads\/2023\/03\/My-Daily-Routine_2.png\",\"width\":1600,\"height\":900,\"caption\":\"2sweet4me\"},\"image\":{\"@id\":\"https:\/\/2sweet4me.com\/sl\/#\/schema\/logo\/image\/\"}}]}<\/script>\n<!-- \/ Yoast SEO plugin. -->","yoast_head_json":{"title":"Stik z nami | 2sweet4me","robots":{"index":"index","follow":"follow","max-snippet":"max-snippet:-1","max-image-preview":"max-image-preview:large","max-video-preview":"max-video-preview:-1"},"canonical":"https:\/\/2sweet4me.com\/sl\/stik-z-nami\/","og_locale":"sl_SI","og_type":"article","og_title":"Stik z nami | 2sweet4me","og_description":"Imate vpra\u0161anje ali pomislek? Tukaj smo za vas. Va\u0161e vpra\u0161anje ima morda \u017ee odgovor &#8211; preverite Pogosto zastavljena vpra\u0161anja. Pi\u0161ite nam na info@2sweet4me.com ali pa izpolnite spodnji obrazec. KONTAKTNI OBRAZEC","og_url":"https:\/\/2sweet4me.com\/sl\/stik-z-nami\/","og_site_name":"2sweet4me","article_modified_time":"2025-01-29T09:51:39+00:00","twitter_card":"summary_large_image","schema":{"@context":"https:\/\/schema.org","@graph":[{"@type":"WebPage","@id":"https:\/\/2sweet4me.com\/sl\/stik-z-nami\/","url":"https:\/\/2sweet4me.com\/sl\/stik-z-nami\/","name":"Stik z nami | 2sweet4me","isPartOf":{"@id":"https:\/\/2sweet4me.com\/sl\/#website"},"datePublished":"2017-12-21T08:00:47+00:00","dateModified":"2025-01-29T09:51:39+00:00","breadcrumb":{"@id":"https:\/\/2sweet4me.com\/sl\/stik-z-nami\/#breadcrumb"},"inLanguage":"sl-SI","potentialAction":[{"@type":"ReadAction","target":["https:\/\/2sweet4me.com\/sl\/stik-z-nami\/"]}]},{"@type":"BreadcrumbList","@id":"https:\/\/2sweet4me.com\/sl\/stik-z-nami\/#breadcrumb","itemListElement":[{"@type":"ListItem","position":1,"name":"Domov","item":"https:\/\/2sweet4me.com\/sl\/domov\/"},{"@type":"ListItem","position":2,"name":"Stik z nami"}]},{"@type":"WebSite","@id":"https:\/\/2sweet4me.com\/sl\/#website","url":"https:\/\/2sweet4me.com\/sl\/","name":"2sweet4me","description":"Diabetes looking good","publisher":{"@id":"https:\/\/2sweet4me.com\/sl\/#organization"},"potentialAction":[{"@type":"SearchAction","target":{"@type":"EntryPoint","urlTemplate":"https:\/\/2sweet4me.com\/sl\/?s={search_term_string}"},"query-input":{"@type":"PropertyValueSpecification","valueRequired":true,"valueName":"search_term_string"}}],"inLanguage":"sl-SI"},{"@type":"Organization","@id":"https:\/\/2sweet4me.com\/sl\/#organization","name":"2sweet4me","url":"https:\/\/2sweet4me.com\/sl\/","logo":{"@type":"ImageObject","inLanguage":"sl-SI","@id":"https:\/\/2sweet4me.com\/sl\/#\/schema\/logo\/image\/","url":"https:\/\/2sweet4me.com\/wp-content\/uploads\/2023\/03\/My-Daily-Routine_2.png","contentUrl":"https:\/\/2sweet4me.com\/wp-content\/uploads\/2023\/03\/My-Daily-Routine_2.png","width":1600,"height":900,"caption":"2sweet4me"},"image":{"@id":"https:\/\/2sweet4me.com\/sl\/#\/schema\/logo\/image\/"}}]}},"_links":{"self":[{"href":"https:\/\/2sweet4me.com\/sl\/wp-json\/wp\/v2\/pages\/5839","targetHints":{"allow":["GET"]}}],"collection":[{"href":"https:\/\/2sweet4me.com\/sl\/wp-json\/wp\/v2\/pages"}],"about":[{"href":"https:\/\/2sweet4me.com\/sl\/wp-json\/wp\/v2\/types\/page"}],"author":[{"embeddable":true,"href":"https:\/\/2sweet4me.com\/sl\/wp-json\/wp\/v2\/users\/2"}],"replies":[{"embeddable":true,"href":"https:\/\/2sweet4me.com\/sl\/wp-json\/wp\/v2\/comments?post=5839"}],"version-history":[{"count":0,"href":"https:\/\/2sweet4me.com\/sl\/wp-json\/wp\/v2\/pages\/5839\/revisions"}],"wp:attachment":[{"href":"https:\/\/2sweet4me.com\/sl\/wp-json\/wp\/v2\/media?parent=5839"}],"curies":[{"name":"wp","href":"https:\/\/api.w.org\/{rel}","templated":true}]}}