{"id":6073,"date":"2017-12-17T10:06:43","date_gmt":"2017-12-17T09:06:43","guid":{"rendered":"https:\/\/2sweet4me.com\/o-nas\/"},"modified":"2024-04-03T12:04:38","modified_gmt":"2024-04-03T10:04:38","slug":"o-nas","status":"publish","type":"page","link":"https:\/\/2sweet4me.com\/sl\/o-nas\/","title":{"rendered":"O nas"},"content":{"rendered":"\t\t<div data-elementor-type=\"wp-post\" data-elementor-id=\"6073\" class=\"elementor elementor-6073 elementor-43\" data-elementor-post-type=\"page\">\n\t\t\t\t\t\t<section class=\"elementor-section elementor-top-section elementor-element elementor-element-8c39fce elementor-section-content-middle elementor-hidden-desktop elementor-hidden-tablet elementor-hidden-mobile elementor-section-boxed elementor-section-height-default elementor-section-height-default\" data-id=\"8c39fce\" data-element_type=\"section\" data-e-type=\"section\" data-settings=\"{&quot;background_background&quot;:&quot;classic&quot;}\">\n\t\t\t\t\t\t\t<div class=\"elementor-background-overlay\"><\/div>\n\t\t\t\t\t\t\t<div class=\"elementor-container elementor-column-gap-no\">\n\t\t\t\t\t<div class=\"elementor-column elementor-col-100 elementor-top-column elementor-element elementor-element-b1952b1\" data-id=\"b1952b1\" data-element_type=\"column\" data-e-type=\"column\">\n\t\t\t<div class=\"elementor-widget-wrap elementor-element-populated\">\n\t\t\t\t\t\t<div class=\"elementor-element elementor-element-03b93f0 elementor-widget elementor-widget-heading\" data-id=\"03b93f0\" data-element_type=\"widget\" data-e-type=\"widget\" data-widget_type=\"heading.default\">\n\t\t\t\t<div class=\"elementor-widget-container\">\n\t\t\t\t\t<h1 class=\"elementor-heading-title elementor-size-default\">O nas<\/h1>\t\t\t\t<\/div>\n\t\t\t\t<\/div>\n\t\t\t\t\t<\/div>\n\t\t<\/div>\n\t\t\t\t\t<\/div>\n\t\t<\/section>\n\t\t\t\t<section class=\"elementor-section elementor-top-section elementor-element elementor-element-d28c655 elementor-section-full_width elementor-hidden-tablet elementor-hidden-mobile elementor-section-height-default elementor-section-height-default\" data-id=\"d28c655\" data-element_type=\"section\" data-e-type=\"section\" data-settings=\"{&quot;background_background&quot;:&quot;classic&quot;}\">\n\t\t\t\t\t\t<div class=\"elementor-container elementor-column-gap-default\">\n\t\t\t\t\t<div class=\"elementor-column elementor-col-100 elementor-top-column elementor-element elementor-element-997bde8\" data-id=\"997bde8\" data-element_type=\"column\" data-e-type=\"column\">\n\t\t\t<div class=\"elementor-widget-wrap elementor-element-populated\">\n\t\t\t\t\t\t<section class=\"elementor-section elementor-inner-section elementor-element elementor-element-83b3443 elementor-section-full_width elementor-section-content-middle elementor-section-height-default elementor-section-height-default\" data-id=\"83b3443\" data-element_type=\"section\" data-e-type=\"section\">\n\t\t\t\t\t\t<div class=\"elementor-container elementor-column-gap-no\">\n\t\t\t\t\t<div class=\"elementor-column elementor-col-50 elementor-inner-column elementor-element elementor-element-fe6e6ed\" data-id=\"fe6e6ed\" data-element_type=\"column\" data-e-type=\"column\" data-settings=\"{&quot;background_background&quot;:&quot;classic&quot;}\">\n\t\t\t<div class=\"elementor-widget-wrap elementor-element-populated\">\n\t\t\t\t\t\t<div class=\"elementor-element elementor-element-2a5a40c elementor-widget-divider--view-line elementor-widget elementor-widget-divider\" data-id=\"2a5a40c\" data-element_type=\"widget\" data-e-type=\"widget\" data-widget_type=\"divider.default\">\n\t\t\t\t<div class=\"elementor-widget-container\">\n\t\t\t\t\t\t\t<div class=\"elementor-divider\">\n\t\t\t<span class=\"elementor-divider-separator\">\n\t\t\t\t\t\t<\/span>\n\t\t<\/div>\n\t\t\t\t\t\t<\/div>\n\t\t\t\t<\/div>\n\t\t\t\t<div class=\"elementor-element elementor-element-ef5188a elementor-widget elementor-widget-image-box\" data-id=\"ef5188a\" data-element_type=\"widget\" data-e-type=\"widget\" data-widget_type=\"image-box.default\">\n\t\t\t\t<div class=\"elementor-widget-container\">\n\t\t\t\t\t<div class=\"elementor-image-box-wrapper\"><div class=\"elementor-image-box-content\"><h2 class=\"elementor-image-box-title\">Kdo smo<\/h2><p class=\"elementor-image-box-description\">Smo mlado dru\u017einsko podjetje, ki se je posvetilo izdelavi izdelkov za diabetike. V na\u0161i dru\u017eini nas je namre\u010d skoraj polovica diabetikov. Odkar je zbolela \u0161e h\u010di, smo \u0161e bolj predani, da v \u017eivljenje s to boleznijo z na\u0161imi izdelki poleg njihove uporabnosti prinesemo \u0161e malo veselja, navdu\u0161enja in ponosa.<\/p><\/div><\/div>\t\t\t\t<\/div>\n\t\t\t\t<\/div>\n\t\t\t\t\t<\/div>\n\t\t<\/div>\n\t\t\t\t<div class=\"elementor-column elementor-col-50 elementor-inner-column elementor-element elementor-element-7b5ea60\" data-id=\"7b5ea60\" data-element_type=\"column\" data-e-type=\"column\" data-settings=\"{&quot;background_background&quot;:&quot;classic&quot;}\">\n\t\t\t<div class=\"elementor-widget-wrap\">\n\t\t\t\t\t<div class=\"elementor-background-overlay\"><\/div>\n\t\t\t\t\t\t\t<\/div>\n\t\t<\/div>\n\t\t\t\t\t<\/div>\n\t\t<\/section>\n\t\t\t\t\t<\/div>\n\t\t<\/div>\n\t\t\t\t\t<\/div>\n\t\t<\/section>\n\t\t<div class=\"elementor-element elementor-element-47a3be3 e-flex e-con-boxed e-con e-parent\" data-id=\"47a3be3\" data-element_type=\"container\" data-e-type=\"container\">\n\t\t\t\t\t<div class=\"e-con-inner\">\n\t\t<div class=\"elementor-element elementor-element-1bc68c7 e-con-full elementor-hidden-mobile e-flex e-con e-child\" data-id=\"1bc68c7\" data-element_type=\"container\" data-e-type=\"container\">\n\t\t\t\t<\/div>\n\t\t<div class=\"elementor-element elementor-element-3717eed e-con-full e-flex e-con e-child\" data-id=\"3717eed\" data-element_type=\"container\" data-e-type=\"container\">\n\t\t\t\t<div class=\"elementor-element elementor-element-1f01b2c elementor-widget-divider--view-line elementor-widget elementor-widget-divider\" data-id=\"1f01b2c\" data-element_type=\"widget\" data-e-type=\"widget\" data-widget_type=\"divider.default\">\n\t\t\t\t<div class=\"elementor-widget-container\">\n\t\t\t\t\t\t\t<div class=\"elementor-divider\">\n\t\t\t<span class=\"elementor-divider-separator\">\n\t\t\t\t\t\t<\/span>\n\t\t<\/div>\n\t\t\t\t\t\t<\/div>\n\t\t\t\t<\/div>\n\t\t\t\t<div class=\"elementor-element elementor-element-3642610 elementor-widget elementor-widget-heading\" data-id=\"3642610\" data-element_type=\"widget\" data-e-type=\"widget\" data-widget_type=\"heading.default\">\n\t\t\t\t<div class=\"elementor-widget-container\">\n\t\t\t\t\t<h2 class=\"elementor-heading-title elementor-size-default\">Moja zgodba<\/h2>\t\t\t\t<\/div>\n\t\t\t\t<\/div>\n\t\t<div class=\"elementor-element elementor-element-92745c4 e-con-full e-flex e-con e-child\" data-id=\"92745c4\" data-element_type=\"container\" data-e-type=\"container\">\n\t\t\t\t<div class=\"elementor-element elementor-element-abc1056 elementor-widget elementor-widget-text-editor\" data-id=\"abc1056\" data-element_type=\"widget\" data-e-type=\"widget\" data-widget_type=\"text-editor.default\">\n\t\t\t\t<div class=\"elementor-widget-container\">\n\t\t\t\t\t\t\t\t\t<p>Ime mi je Ana in diabetes tipa 1 imam \u017ee od leta 1996. \u017divljenje s sladkorno boleznijo je polno vzponov in padcev, vendar sem zato postala tudi veliko mo\u010dnej\u0161a.<\/p>\n<p>V vseh teh letih sem za vodenje sladkorne bolezni nosila inzulinsko \u010drpalko in senzor za kontinuirano merjenje sladkorja v krvi. \u010ceprav so te naprave v mnogih pogledih olaj\u0161ale moje \u017eivljenje in zdravljenje, so zame hkrati pomenile nove izzive. Na primer, iskanje pravih obla\u010dil za \u017eivljenje s \u010drpalko in senzorjem ni bilo vedno enostavno in pogosto sem se po\u010dutila nesamozavestno, ko sem ju nosila v javnosti.<\/p>\n<p>\u0160e en velik izziv, s katerim se je morala soo\u010diti na\u0161a dru\u017eina, je bil, ko je za sladkorno boleznijo tipa 1 zbolela tudi na\u0161a takrat 9-letna h\u010di. To je bil \u0161ok za vse nas, a ko smo se nau\u010dili sprejeti nov na\u010din \u017eivljenja, sem bila \u0161e bolj odlo\u010dena, da bom naredila vse, da bi bilo njeno \u017eivljenje \u010dim bolj normalno.<\/p>\n<p>Nenadoma je morala najina h\u010di na roki nositi senzor za kontinuirano merjenje sladkorja v krvi, s seboj pa ves \u010das imeti sprejemnik in telefon, da smo njene vrednosti sladkorja v krvi lahko spremljali tudi na daljavo. Iskali smo lepe torbice, v katerih bi lahko imela svoje &#8220;napravice&#8221; (kot jim mi pravimo) vedno pri sebi, in obli\u017ee, ki bi njen senzor obdr\u017eali varno na roki in bi bil hkrati videti lepo. Takrat smo za\u010deli iskati lastne re\u0161itve, dodatke in obli\u017ee, ki so hkrati uporabni, obenem pa vodenju sladkorne bolezni dodajo \u0161e malo veselja in navdu\u0161enja.<\/p>\n<p>Takrat sem spoznala, da lahko svoje izku\u0161nje uporabim tudi za pomo\u010d drugim. Ustanovila sem 2sweet4me, trgovino, ki prodaja lepe in uporabne dodatke za diabetike. Ne glede na to, ali i\u0161\u010dete eleganten na\u010din no\u0161enja inzulinske \u010drpalke ali pa obli\u017e, s katerim boste ponosno pokazali svoj senzor, smo poskrbeli za vas.<\/p>\n<p>Toda moj cilj ni le zagotavljanje uporabnih dodatkov, temve\u010d navdihniti druge diabetike, da se po\u010dutijo samozavestne in opolnomo\u010dene. Diabetes je zahtevna bolezen, vendar ni treba, da vas opredeljuje ali omejuje. \u010ce sprejmete svoje edinstvene potrebe in poi\u0161\u010dete ustvarjalne re\u0161itve, lahko \u017eivite polno in izpolnjujo\u010de \u017eivljenje.<\/p>\n<p>Torej, \u010de ste diabetik, ki i\u0161\u010de na\u010din, kako dodati pridih sloga svojemu vsakodnevnemu vodenju sladkorne bolezni, vas vabim, da si ogledate 2sweet4me.com. Tukaj smo, da vam malce olaj\u0161amo \u017eivljenje in ga naredimo veliko lep\u0161ega.<\/p>\n<p>Z ljubeznijo,<\/p>\n<p>Ana<\/p>\n\t\t\t\t\t\t\t\t<\/div>\n\t\t\t\t<\/div>\n\t\t\t\t<\/div>\n\t\t\t\t<\/div>\n\t\t<div class=\"elementor-element elementor-element-af1c430 e-con-full e-flex e-con e-child\" data-id=\"af1c430\" data-element_type=\"container\" data-e-type=\"container\">\n\t\t\t\t<\/div>\n\t\t\t\t\t<\/div>\n\t\t\t\t<\/div>\n\t\t\t\t<section class=\"elementor-section elementor-top-section elementor-element elementor-element-d0ca6fa elementor-section-boxed elementor-section-height-default elementor-section-height-default\" data-id=\"d0ca6fa\" data-element_type=\"section\" data-e-type=\"section\" data-settings=\"{&quot;background_background&quot;:&quot;classic&quot;}\">\n\t\t\t\t\t\t\t<div class=\"elementor-background-overlay\"><\/div>\n\t\t\t\t\t\t\t<div class=\"elementor-container elementor-column-gap-no\">\n\t\t\t\t\t<div class=\"elementor-column elementor-col-100 elementor-top-column elementor-element elementor-element-a5fd6c9\" data-id=\"a5fd6c9\" data-element_type=\"column\" data-e-type=\"column\" data-settings=\"{&quot;background_background&quot;:&quot;classic&quot;}\">\n\t\t\t<div class=\"elementor-widget-wrap elementor-element-populated\">\n\t\t\t\t\t\t<div class=\"elementor-element elementor-element-a1cc422 elementor-widget-divider--view-line elementor-widget elementor-widget-divider\" data-id=\"a1cc422\" data-element_type=\"widget\" data-e-type=\"widget\" data-widget_type=\"divider.default\">\n\t\t\t\t<div class=\"elementor-widget-container\">\n\t\t\t\t\t\t\t<div class=\"elementor-divider\">\n\t\t\t<span class=\"elementor-divider-separator\">\n\t\t\t\t\t\t<\/span>\n\t\t<\/div>\n\t\t\t\t\t\t<\/div>\n\t\t\t\t<\/div>\n\t\t\t\t<div class=\"elementor-element elementor-element-83c0952 elementor-widget elementor-widget-heading\" data-id=\"83c0952\" data-element_type=\"widget\" data-e-type=\"widget\" data-widget_type=\"heading.default\">\n\t\t\t\t<div class=\"elementor-widget-container\">\n\t\t\t\t\t<h2 class=\"elementor-heading-title elementor-size-default\">Sledite nam<\/h2>\t\t\t\t<\/div>\n\t\t\t\t<\/div>\n\t\t\t\t<div class=\"elementor-element elementor-element-dab9b3f elementor-shape-rounded elementor-grid-0 e-grid-align-center elementor-widget elementor-widget-social-icons\" data-id=\"dab9b3f\" data-element_type=\"widget\" data-e-type=\"widget\" data-widget_type=\"social-icons.default\">\n\t\t\t\t<div class=\"elementor-widget-container\">\n\t\t\t\t\t\t\t<div class=\"elementor-social-icons-wrapper elementor-grid\" role=\"list\">\n\t\t\t\t\t\t\t<span class=\"elementor-grid-item\" role=\"listitem\">\n\t\t\t\t\t<a class=\"elementor-icon elementor-social-icon elementor-social-icon-facebook-f elementor-repeater-item-9e740e1\" href=\"https:\/\/www.facebook.com\/2swt4me\" target=\"_blank\">\n\t\t\t\t\t\t<span class=\"elementor-screen-only\">Facebook-f<\/span>\n\t\t\t\t\t\t<i aria-hidden=\"true\" class=\"fab fa-facebook-f\"><\/i>\t\t\t\t\t<\/a>\n\t\t\t\t<\/span>\n\t\t\t\t\t\t\t<span class=\"elementor-grid-item\" role=\"listitem\">\n\t\t\t\t\t<a class=\"elementor-icon elementor-social-icon elementor-social-icon-instagram elementor-repeater-item-65ca331\" href=\"https:\/\/www.instagram.com\/2sweet4me_store\/\" target=\"_blank\">\n\t\t\t\t\t\t<span class=\"elementor-screen-only\">Instagram<\/span>\n\t\t\t\t\t\t<i aria-hidden=\"true\" class=\"fab fa-instagram\"><\/i>\t\t\t\t\t<\/a>\n\t\t\t\t<\/span>\n\t\t\t\t\t\t\t<span class=\"elementor-grid-item\" role=\"listitem\">\n\t\t\t\t\t<a class=\"elementor-icon elementor-social-icon elementor-social-icon-pinterest elementor-repeater-item-4b84852\" href=\"https:\/\/www.pinterest.com\/0buijjywyt6n2g3xbqoq14sg9bxrot\/\" target=\"_blank\">\n\t\t\t\t\t\t<span class=\"elementor-screen-only\">Pinterest<\/span>\n\t\t\t\t\t\t<i aria-hidden=\"true\" class=\"fab fa-pinterest\"><\/i>\t\t\t\t\t<\/a>\n\t\t\t\t<\/span>\n\t\t\t\t\t<\/div>\n\t\t\t\t\t\t<\/div>\n\t\t\t\t<\/div>\n\t\t\t\t\t<\/div>\n\t\t<\/div>\n\t\t\t\t\t<\/div>\n\t\t<\/section>\n\t\t\t\t<\/div>\n\t\t","protected":false},"excerpt":{"rendered":"<p>O nas Kdo smo Smo mlado dru\u017einsko podjetje, ki se je posvetilo izdelavi izdelkov za diabetike. V na\u0161i dru\u017eini nas je namre\u010d skoraj polovica diabetikov. Odkar je zbolela \u0161e h\u010di, smo \u0161e bolj predani, da v \u017eivljenje s to boleznijo z na\u0161imi izdelki poleg njihove uporabnosti prinesemo \u0161e malo veselja, navdu\u0161enja in ponosa. Moja zgodba [&hellip;]<\/p>\n","protected":false},"author":2,"featured_media":0,"parent":0,"menu_order":0,"comment_status":"closed","ping_status":"closed","template":"","meta":{"_monsterinsights_skip_tracking":false,"_monsterinsights_sitenote_active":false,"_monsterinsights_sitenote_note":"","_monsterinsights_sitenote_category":0,"site-sidebar-layout":"no-sidebar","site-content-layout":"page-builder","ast-site-content-layout":"default","site-content-style":"default","site-sidebar-style":"default","ast-global-header-display":"","ast-banner-title-visibility":"","ast-main-header-display":"","ast-hfb-above-header-display":"","ast-hfb-below-header-display":"","ast-hfb-mobile-header-display":"","site-post-title":"disabled","ast-breadcrumbs-content":"","ast-featured-img":"disabled","footer-sml-layout":"","theme-transparent-header-meta":"enabled","adv-header-id-meta":"","stick-header-meta":"","header-above-stick-meta":"","header-main-stick-meta":"","header-below-stick-meta":"","astra-migrate-meta-layouts":"default","ast-page-background-enabled":"default","ast-page-background-meta":{"desktop":{"background-color":"","background-image":"","background-repeat":"repeat","background-position":"center center","background-size":"auto","background-attachment":"scroll","background-type":"","background-media":"","overlay-type":"","overlay-color":"","overlay-opacity":"","overlay-gradient":""},"tablet":{"background-color":"","background-image":"","background-repeat":"repeat","background-position":"center center","background-size":"auto","background-attachment":"scroll","background-type":"","background-media":"","overlay-type":"","overlay-color":"","overlay-opacity":"","overlay-gradient":""},"mobile":{"background-color":"","background-image":"","background-repeat":"repeat","background-position":"center center","background-size":"auto","background-attachment":"scroll","background-type":"","background-media":"","overlay-type":"","overlay-color":"","overlay-opacity":"","overlay-gradient":""}},"ast-content-background-meta":{"desktop":{"background-color":"var(--ast-global-color-5)","background-image":"","background-repeat":"repeat","background-position":"center center","background-size":"auto","background-attachment":"scroll","background-type":"","background-media":"","overlay-type":"","overlay-color":"","overlay-opacity":"","overlay-gradient":""},"tablet":{"background-color":"var(--ast-global-color-5)","background-image":"","background-repeat":"repeat","background-position":"center center","background-size":"auto","background-attachment":"scroll","background-type":"","background-media":"","overlay-type":"","overlay-color":"","overlay-opacity":"","overlay-gradient":""},"mobile":{"background-color":"var(--ast-global-color-5)","background-image":"","background-repeat":"repeat","background-position":"center center","background-size":"auto","background-attachment":"scroll","background-type":"","background-media":"","overlay-type":"","overlay-color":"","overlay-opacity":"","overlay-gradient":""}},"footnotes":""},"class_list":["post-6073","page","type-page","status-publish","hentry"],"yoast_head":"<!-- This site is optimized with the Yoast SEO plugin v26.9 - https:\/\/yoast.com\/product\/yoast-seo-wordpress\/ -->\n<title>O nas | 2sweet4me<\/title>\n<meta name=\"robots\" content=\"index, follow, max-snippet:-1, max-image-preview:large, max-video-preview:-1\" \/>\n<link rel=\"canonical\" href=\"https:\/\/2sweet4me.com\/sl\/o-nas\/\" \/>\n<meta property=\"og:locale\" content=\"sl_SI\" \/>\n<meta property=\"og:type\" content=\"article\" \/>\n<meta property=\"og:title\" content=\"O nas | 2sweet4me\" \/>\n<meta property=\"og:description\" content=\"O nas Kdo smo Smo mlado dru\u017einsko podjetje, ki se je posvetilo izdelavi izdelkov za diabetike. V na\u0161i dru\u017eini nas je namre\u010d skoraj polovica diabetikov. Odkar je zbolela \u0161e h\u010di, smo \u0161e bolj predani, da v \u017eivljenje s to boleznijo z na\u0161imi izdelki poleg njihove uporabnosti prinesemo \u0161e malo veselja, navdu\u0161enja in ponosa. Moja zgodba [&hellip;]\" \/>\n<meta property=\"og:url\" content=\"https:\/\/2sweet4me.com\/sl\/o-nas\/\" \/>\n<meta property=\"og:site_name\" content=\"2sweet4me\" \/>\n<meta property=\"article:modified_time\" content=\"2024-04-03T10:04:38+00:00\" \/>\n<meta name=\"twitter:card\" content=\"summary_large_image\" \/>\n<script type=\"application\/ld+json\" class=\"yoast-schema-graph\">{\"@context\":\"https:\/\/schema.org\",\"@graph\":[{\"@type\":\"WebPage\",\"@id\":\"https:\/\/2sweet4me.com\/sl\/o-nas\/\",\"url\":\"https:\/\/2sweet4me.com\/sl\/o-nas\/\",\"name\":\"O nas | 2sweet4me\",\"isPartOf\":{\"@id\":\"https:\/\/2sweet4me.com\/sl\/#website\"},\"datePublished\":\"2017-12-17T09:06:43+00:00\",\"dateModified\":\"2024-04-03T10:04:38+00:00\",\"breadcrumb\":{\"@id\":\"https:\/\/2sweet4me.com\/sl\/o-nas\/#breadcrumb\"},\"inLanguage\":\"sl-SI\",\"potentialAction\":[{\"@type\":\"ReadAction\",\"target\":[\"https:\/\/2sweet4me.com\/sl\/o-nas\/\"]}]},{\"@type\":\"BreadcrumbList\",\"@id\":\"https:\/\/2sweet4me.com\/sl\/o-nas\/#breadcrumb\",\"itemListElement\":[{\"@type\":\"ListItem\",\"position\":1,\"name\":\"Domov\",\"item\":\"https:\/\/2sweet4me.com\/sl\/domov\/\"},{\"@type\":\"ListItem\",\"position\":2,\"name\":\"O nas\"}]},{\"@type\":\"WebSite\",\"@id\":\"https:\/\/2sweet4me.com\/sl\/#website\",\"url\":\"https:\/\/2sweet4me.com\/sl\/\",\"name\":\"2sweet4me\",\"description\":\"Diabetes looking good\",\"publisher\":{\"@id\":\"https:\/\/2sweet4me.com\/sl\/#organization\"},\"potentialAction\":[{\"@type\":\"SearchAction\",\"target\":{\"@type\":\"EntryPoint\",\"urlTemplate\":\"https:\/\/2sweet4me.com\/sl\/?s={search_term_string}\"},\"query-input\":{\"@type\":\"PropertyValueSpecification\",\"valueRequired\":true,\"valueName\":\"search_term_string\"}}],\"inLanguage\":\"sl-SI\"},{\"@type\":\"Organization\",\"@id\":\"https:\/\/2sweet4me.com\/sl\/#organization\",\"name\":\"2sweet4me\",\"url\":\"https:\/\/2sweet4me.com\/sl\/\",\"logo\":{\"@type\":\"ImageObject\",\"inLanguage\":\"sl-SI\",\"@id\":\"https:\/\/2sweet4me.com\/sl\/#\/schema\/logo\/image\/\",\"url\":\"https:\/\/2sweet4me.com\/wp-content\/uploads\/2023\/03\/My-Daily-Routine_2.png\",\"contentUrl\":\"https:\/\/2sweet4me.com\/wp-content\/uploads\/2023\/03\/My-Daily-Routine_2.png\",\"width\":1600,\"height\":900,\"caption\":\"2sweet4me\"},\"image\":{\"@id\":\"https:\/\/2sweet4me.com\/sl\/#\/schema\/logo\/image\/\"}}]}<\/script>\n<!-- \/ Yoast SEO plugin. -->","yoast_head_json":{"title":"O nas | 2sweet4me","robots":{"index":"index","follow":"follow","max-snippet":"max-snippet:-1","max-image-preview":"max-image-preview:large","max-video-preview":"max-video-preview:-1"},"canonical":"https:\/\/2sweet4me.com\/sl\/o-nas\/","og_locale":"sl_SI","og_type":"article","og_title":"O nas | 2sweet4me","og_description":"O nas Kdo smo Smo mlado dru\u017einsko podjetje, ki se je posvetilo izdelavi izdelkov za diabetike. V na\u0161i dru\u017eini nas je namre\u010d skoraj polovica diabetikov. Odkar je zbolela \u0161e h\u010di, smo \u0161e bolj predani, da v \u017eivljenje s to boleznijo z na\u0161imi izdelki poleg njihove uporabnosti prinesemo \u0161e malo veselja, navdu\u0161enja in ponosa. Moja zgodba [&hellip;]","og_url":"https:\/\/2sweet4me.com\/sl\/o-nas\/","og_site_name":"2sweet4me","article_modified_time":"2024-04-03T10:04:38+00:00","twitter_card":"summary_large_image","schema":{"@context":"https:\/\/schema.org","@graph":[{"@type":"WebPage","@id":"https:\/\/2sweet4me.com\/sl\/o-nas\/","url":"https:\/\/2sweet4me.com\/sl\/o-nas\/","name":"O nas | 2sweet4me","isPartOf":{"@id":"https:\/\/2sweet4me.com\/sl\/#website"},"datePublished":"2017-12-17T09:06:43+00:00","dateModified":"2024-04-03T10:04:38+00:00","breadcrumb":{"@id":"https:\/\/2sweet4me.com\/sl\/o-nas\/#breadcrumb"},"inLanguage":"sl-SI","potentialAction":[{"@type":"ReadAction","target":["https:\/\/2sweet4me.com\/sl\/o-nas\/"]}]},{"@type":"BreadcrumbList","@id":"https:\/\/2sweet4me.com\/sl\/o-nas\/#breadcrumb","itemListElement":[{"@type":"ListItem","position":1,"name":"Domov","item":"https:\/\/2sweet4me.com\/sl\/domov\/"},{"@type":"ListItem","position":2,"name":"O nas"}]},{"@type":"WebSite","@id":"https:\/\/2sweet4me.com\/sl\/#website","url":"https:\/\/2sweet4me.com\/sl\/","name":"2sweet4me","description":"Diabetes looking good","publisher":{"@id":"https:\/\/2sweet4me.com\/sl\/#organization"},"potentialAction":[{"@type":"SearchAction","target":{"@type":"EntryPoint","urlTemplate":"https:\/\/2sweet4me.com\/sl\/?s={search_term_string}"},"query-input":{"@type":"PropertyValueSpecification","valueRequired":true,"valueName":"search_term_string"}}],"inLanguage":"sl-SI"},{"@type":"Organization","@id":"https:\/\/2sweet4me.com\/sl\/#organization","name":"2sweet4me","url":"https:\/\/2sweet4me.com\/sl\/","logo":{"@type":"ImageObject","inLanguage":"sl-SI","@id":"https:\/\/2sweet4me.com\/sl\/#\/schema\/logo\/image\/","url":"https:\/\/2sweet4me.com\/wp-content\/uploads\/2023\/03\/My-Daily-Routine_2.png","contentUrl":"https:\/\/2sweet4me.com\/wp-content\/uploads\/2023\/03\/My-Daily-Routine_2.png","width":1600,"height":900,"caption":"2sweet4me"},"image":{"@id":"https:\/\/2sweet4me.com\/sl\/#\/schema\/logo\/image\/"}}]}},"_links":{"self":[{"href":"https:\/\/2sweet4me.com\/sl\/wp-json\/wp\/v2\/pages\/6073","targetHints":{"allow":["GET"]}}],"collection":[{"href":"https:\/\/2sweet4me.com\/sl\/wp-json\/wp\/v2\/pages"}],"about":[{"href":"https:\/\/2sweet4me.com\/sl\/wp-json\/wp\/v2\/types\/page"}],"author":[{"embeddable":true,"href":"https:\/\/2sweet4me.com\/sl\/wp-json\/wp\/v2\/users\/2"}],"replies":[{"embeddable":true,"href":"https:\/\/2sweet4me.com\/sl\/wp-json\/wp\/v2\/comments?post=6073"}],"version-history":[{"count":0,"href":"https:\/\/2sweet4me.com\/sl\/wp-json\/wp\/v2\/pages\/6073\/revisions"}],"wp:attachment":[{"href":"https:\/\/2sweet4me.com\/sl\/wp-json\/wp\/v2\/media?parent=6073"}],"curies":[{"name":"wp","href":"https:\/\/api.w.org\/{rel}","templated":true}]}}