{"id":7047,"date":"2023-10-13T09:46:55","date_gmt":"2023-10-13T07:46:55","guid":{"rendered":"https:\/\/2sweet4me.com\/product\/ovalen-obliz-abstraktni-motiv\/"},"modified":"2026-04-08T13:39:19","modified_gmt":"2026-04-08T11:39:19","slug":"ovalni-obliz-abstraktni-motiv","status":"publish","type":"product","link":"https:\/\/2sweet4me.com\/sl\/izdelek\/ovalni-obliz-abstraktni-motiv\/","title":{"rendered":"Ovalen obli\u017e &#8211; ABSTRAKTNI MOTIV"},"content":{"rendered":"<p>Obli\u017e ovalne oblike, brez izrezov<\/p>\n<p>Uporablja se za dodatno pritrditev senzorja za kontinuirano merjenje glukoze v krvi na ko\u017eo, da ga zavaruje, da se ne bi odlepil ali nenamerno odstranil.<\/p>\n<p>Velikost: 7 x 10 cm<\/p>\n<p>Primeren za naslednje senzorje: Medtronic Guardian, Libre.<\/p>\n<p>Informacije o materialu: medicinski trak, namenjen za uporabo na ko\u017ei, lepilo je zasnovano za medicinske namene. Material diha in je primeren za stik z vodo. Ne povzro\u010da alergij. Obli\u017ei so dermatolo\u0161ko testirani.<\/p>\n<p>Izdelano v EU.<\/p>\n<p>Glejte tudi <a href=\"https:\/\/2sweet4me.com\/sl\/pogosta-vprasanja\/\"><strong>Pogosta vpra\u0161anja<\/strong><\/a> in <a href=\"https:\/\/2sweet4me.com\/sl\/navodila-za-uporabo-oblizev\/\"><strong>Navodila za uporabo<\/strong><\/a>.<\/p>\n","protected":false},"excerpt":{"rendered":"<p>Ovalen obli\u017e, 7 x 10 cm<\/p>\n<p>Primeren za uporabo s senzorji Medtronic Guardian in Libre<\/p>\n","protected":false},"featured_media":6517,"template":"","meta":{"_monsterinsights_skip_tracking":false,"_monsterinsights_sitenote_active":false,"_monsterinsights_sitenote_note":"","_monsterinsights_sitenote_category":0,"site-sidebar-layout":"default","site-content-layout":"","ast-site-content-layout":"default","site-content-style":"default","site-sidebar-style":"default","ast-global-header-display":"","ast-banner-title-visibility":"","ast-main-header-display":"","ast-hfb-above-header-display":"","ast-hfb-below-header-display":"","ast-hfb-mobile-header-display":"","site-post-title":"","ast-breadcrumbs-content":"","ast-featured-img":"","footer-sml-layout":"","theme-transparent-header-meta":"default","adv-header-id-meta":"","stick-header-meta":"","header-above-stick-meta":"","header-main-stick-meta":"","header-below-stick-meta":"","astra-migrate-meta-layouts":"default","ast-page-background-enabled":"default","ast-page-background-meta":{"desktop":{"background-color":"","background-image":"","background-repeat":"repeat","background-position":"center center","background-size":"auto","background-attachment":"scroll","background-type":"","background-media":"","overlay-type":"","overlay-color":"","overlay-opacity":"","overlay-gradient":""},"tablet":{"background-color":"","background-image":"","background-repeat":"repeat","background-position":"center center","background-size":"auto","background-attachment":"scroll","background-type":"","background-media":"","overlay-type":"","overlay-color":"","overlay-opacity":"","overlay-gradient":""},"mobile":{"background-color":"","background-image":"","background-repeat":"repeat","background-position":"center center","background-size":"auto","background-attachment":"scroll","background-type":"","background-media":"","overlay-type":"","overlay-color":"","overlay-opacity":"","overlay-gradient":""}},"ast-content-background-meta":{"desktop":{"background-color":"var(--ast-global-color-5)","background-image":"","background-repeat":"repeat","background-position":"center center","background-size":"auto","background-attachment":"scroll","background-type":"","background-media":"","overlay-type":"","overlay-color":"","overlay-opacity":"","overlay-gradient":""},"tablet":{"background-color":"var(--ast-global-color-5)","background-image":"","background-repeat":"repeat","background-position":"center center","background-size":"auto","background-attachment":"scroll","background-type":"","background-media":"","overlay-type":"","overlay-color":"","overlay-opacity":"","overlay-gradient":""},"mobile":{"background-color":"var(--ast-global-color-5)","background-image":"","background-repeat":"repeat","background-position":"center center","background-size":"auto","background-attachment":"scroll","background-type":"","background-media":"","overlay-type":"","overlay-color":"","overlay-opacity":"","overlay-gradient":""}}},"product_brand":[],"product_cat":[106],"product_tag":[119,116,121],"class_list":{"0":"post-7047","1":"product","2":"type-product","3":"status-publish","4":"has-post-thumbnail","6":"product_cat-ovalni-oblizi","7":"product_tag-deklice","8":"product_tag-odrasli","9":"product_tag-zenske","10":"desktop-align-left","11":"tablet-align-left","12":"mobile-align-left","14":"first","15":"instock","16":"shipping-taxable","17":"purchasable","18":"product-type-simple"},"yoast_head":"<!-- This site is optimized with the Yoast SEO plugin v26.9 - https:\/\/yoast.com\/product\/yoast-seo-wordpress\/ -->\n<title>Ovalen obli\u017e - ABSTRAKTNI MOTIV | 2sweet4me<\/title>\n<meta name=\"robots\" content=\"index, follow, max-snippet:-1, max-image-preview:large, max-video-preview:-1\" \/>\n<link rel=\"canonical\" href=\"https:\/\/2sweet4me.com\/sl\/izdelek\/ovalni-obliz-abstraktni-motiv\/\" \/>\n<meta property=\"og:locale\" content=\"sl_SI\" \/>\n<meta property=\"og:type\" content=\"article\" \/>\n<meta property=\"og:title\" content=\"Ovalen obli\u017e - ABSTRAKTNI MOTIV | 2sweet4me\" \/>\n<meta property=\"og:description\" content=\"Ovalen obli\u017e, 7 x 10 cm Primeren za uporabo s senzorji Medtronic Guardian in Libre\" \/>\n<meta property=\"og:url\" content=\"https:\/\/2sweet4me.com\/sl\/izdelek\/ovalni-obliz-abstraktni-motiv\/\" \/>\n<meta property=\"og:site_name\" content=\"2sweet4me\" \/>\n<meta property=\"article:modified_time\" content=\"2026-04-08T11:39:19+00:00\" \/>\n<meta property=\"og:image\" content=\"https:\/\/2sweet4me.com\/wp-content\/uploads\/2023\/09\/01-64-CGM-oval-overpatch-abstract-pattern-2.jpg\" \/>\n\t<meta property=\"og:image:width\" content=\"1000\" \/>\n\t<meta property=\"og:image:height\" content=\"1000\" \/>\n\t<meta property=\"og:image:type\" content=\"image\/jpeg\" \/>\n<meta name=\"twitter:card\" content=\"summary_large_image\" \/>\n<script type=\"application\/ld+json\" class=\"yoast-schema-graph\">{\"@context\":\"https:\/\/schema.org\",\"@graph\":[{\"@type\":\"WebPage\",\"@id\":\"https:\/\/2sweet4me.com\/sl\/izdelek\/ovalni-obliz-abstraktni-motiv\/\",\"url\":\"https:\/\/2sweet4me.com\/sl\/izdelek\/ovalni-obliz-abstraktni-motiv\/\",\"name\":\"Ovalen obli\u017e - ABSTRAKTNI MOTIV | 2sweet4me\",\"isPartOf\":{\"@id\":\"https:\/\/2sweet4me.com\/sl\/#website\"},\"primaryImageOfPage\":{\"@id\":\"https:\/\/2sweet4me.com\/sl\/izdelek\/ovalni-obliz-abstraktni-motiv\/#primaryimage\"},\"image\":{\"@id\":\"https:\/\/2sweet4me.com\/sl\/izdelek\/ovalni-obliz-abstraktni-motiv\/#primaryimage\"},\"thumbnailUrl\":\"https:\/\/2sweet4me.com\/wp-content\/uploads\/2023\/09\/01-64-CGM-oval-overpatch-abstract-pattern-2.jpg\",\"datePublished\":\"2023-10-13T07:46:55+00:00\",\"dateModified\":\"2026-04-08T11:39:19+00:00\",\"breadcrumb\":{\"@id\":\"https:\/\/2sweet4me.com\/sl\/izdelek\/ovalni-obliz-abstraktni-motiv\/#breadcrumb\"},\"inLanguage\":\"sl-SI\",\"potentialAction\":[{\"@type\":\"ReadAction\",\"target\":[\"https:\/\/2sweet4me.com\/sl\/izdelek\/ovalni-obliz-abstraktni-motiv\/\"]}]},{\"@type\":\"ImageObject\",\"inLanguage\":\"sl-SI\",\"@id\":\"https:\/\/2sweet4me.com\/sl\/izdelek\/ovalni-obliz-abstraktni-motiv\/#primaryimage\",\"url\":\"https:\/\/2sweet4me.com\/wp-content\/uploads\/2023\/09\/01-64-CGM-oval-overpatch-abstract-pattern-2.jpg\",\"contentUrl\":\"https:\/\/2sweet4me.com\/wp-content\/uploads\/2023\/09\/01-64-CGM-oval-overpatch-abstract-pattern-2.jpg\",\"width\":1000,\"height\":1000,\"caption\":\"CGM oval overpatch abstract pattern\"},{\"@type\":\"BreadcrumbList\",\"@id\":\"https:\/\/2sweet4me.com\/sl\/izdelek\/ovalni-obliz-abstraktni-motiv\/#breadcrumb\",\"itemListElement\":[{\"@type\":\"ListItem\",\"position\":1,\"name\":\"Domov\",\"item\":\"https:\/\/2sweet4me.com\/sl\/domov\/\"},{\"@type\":\"ListItem\",\"position\":2,\"name\":\"Trgovina\",\"item\":\"https:\/\/2sweet4me.com\/sl\/trgovina\/\"},{\"@type\":\"ListItem\",\"position\":3,\"name\":\"Ovalen obli\u017e &#8211; ABSTRAKTNI MOTIV\"}]},{\"@type\":\"WebSite\",\"@id\":\"https:\/\/2sweet4me.com\/sl\/#website\",\"url\":\"https:\/\/2sweet4me.com\/sl\/\",\"name\":\"2sweet4me\",\"description\":\"Diabetes looking good\",\"publisher\":{\"@id\":\"https:\/\/2sweet4me.com\/sl\/#organization\"},\"potentialAction\":[{\"@type\":\"SearchAction\",\"target\":{\"@type\":\"EntryPoint\",\"urlTemplate\":\"https:\/\/2sweet4me.com\/sl\/?s={search_term_string}\"},\"query-input\":{\"@type\":\"PropertyValueSpecification\",\"valueRequired\":true,\"valueName\":\"search_term_string\"}}],\"inLanguage\":\"sl-SI\"},{\"@type\":\"Organization\",\"@id\":\"https:\/\/2sweet4me.com\/sl\/#organization\",\"name\":\"2sweet4me\",\"url\":\"https:\/\/2sweet4me.com\/sl\/\",\"logo\":{\"@type\":\"ImageObject\",\"inLanguage\":\"sl-SI\",\"@id\":\"https:\/\/2sweet4me.com\/sl\/#\/schema\/logo\/image\/\",\"url\":\"https:\/\/2sweet4me.com\/wp-content\/uploads\/2023\/03\/My-Daily-Routine_2.png\",\"contentUrl\":\"https:\/\/2sweet4me.com\/wp-content\/uploads\/2023\/03\/My-Daily-Routine_2.png\",\"width\":1600,\"height\":900,\"caption\":\"2sweet4me\"},\"image\":{\"@id\":\"https:\/\/2sweet4me.com\/sl\/#\/schema\/logo\/image\/\"}}]}<\/script>\n<!-- \/ Yoast SEO plugin. -->","yoast_head_json":{"title":"Ovalen obli\u017e - ABSTRAKTNI MOTIV | 2sweet4me","robots":{"index":"index","follow":"follow","max-snippet":"max-snippet:-1","max-image-preview":"max-image-preview:large","max-video-preview":"max-video-preview:-1"},"canonical":"https:\/\/2sweet4me.com\/sl\/izdelek\/ovalni-obliz-abstraktni-motiv\/","og_locale":"sl_SI","og_type":"article","og_title":"Ovalen obli\u017e - ABSTRAKTNI MOTIV | 2sweet4me","og_description":"Ovalen obli\u017e, 7 x 10 cm Primeren za uporabo s senzorji Medtronic Guardian in Libre","og_url":"https:\/\/2sweet4me.com\/sl\/izdelek\/ovalni-obliz-abstraktni-motiv\/","og_site_name":"2sweet4me","article_modified_time":"2026-04-08T11:39:19+00:00","og_image":[{"width":1000,"height":1000,"url":"https:\/\/2sweet4me.com\/wp-content\/uploads\/2023\/09\/01-64-CGM-oval-overpatch-abstract-pattern-2.jpg","type":"image\/jpeg"}],"twitter_card":"summary_large_image","schema":{"@context":"https:\/\/schema.org","@graph":[{"@type":"WebPage","@id":"https:\/\/2sweet4me.com\/sl\/izdelek\/ovalni-obliz-abstraktni-motiv\/","url":"https:\/\/2sweet4me.com\/sl\/izdelek\/ovalni-obliz-abstraktni-motiv\/","name":"Ovalen obli\u017e - ABSTRAKTNI MOTIV | 2sweet4me","isPartOf":{"@id":"https:\/\/2sweet4me.com\/sl\/#website"},"primaryImageOfPage":{"@id":"https:\/\/2sweet4me.com\/sl\/izdelek\/ovalni-obliz-abstraktni-motiv\/#primaryimage"},"image":{"@id":"https:\/\/2sweet4me.com\/sl\/izdelek\/ovalni-obliz-abstraktni-motiv\/#primaryimage"},"thumbnailUrl":"https:\/\/2sweet4me.com\/wp-content\/uploads\/2023\/09\/01-64-CGM-oval-overpatch-abstract-pattern-2.jpg","datePublished":"2023-10-13T07:46:55+00:00","dateModified":"2026-04-08T11:39:19+00:00","breadcrumb":{"@id":"https:\/\/2sweet4me.com\/sl\/izdelek\/ovalni-obliz-abstraktni-motiv\/#breadcrumb"},"inLanguage":"sl-SI","potentialAction":[{"@type":"ReadAction","target":["https:\/\/2sweet4me.com\/sl\/izdelek\/ovalni-obliz-abstraktni-motiv\/"]}]},{"@type":"ImageObject","inLanguage":"sl-SI","@id":"https:\/\/2sweet4me.com\/sl\/izdelek\/ovalni-obliz-abstraktni-motiv\/#primaryimage","url":"https:\/\/2sweet4me.com\/wp-content\/uploads\/2023\/09\/01-64-CGM-oval-overpatch-abstract-pattern-2.jpg","contentUrl":"https:\/\/2sweet4me.com\/wp-content\/uploads\/2023\/09\/01-64-CGM-oval-overpatch-abstract-pattern-2.jpg","width":1000,"height":1000,"caption":"CGM oval overpatch abstract pattern"},{"@type":"BreadcrumbList","@id":"https:\/\/2sweet4me.com\/sl\/izdelek\/ovalni-obliz-abstraktni-motiv\/#breadcrumb","itemListElement":[{"@type":"ListItem","position":1,"name":"Domov","item":"https:\/\/2sweet4me.com\/sl\/domov\/"},{"@type":"ListItem","position":2,"name":"Trgovina","item":"https:\/\/2sweet4me.com\/sl\/trgovina\/"},{"@type":"ListItem","position":3,"name":"Ovalen obli\u017e &#8211; ABSTRAKTNI MOTIV"}]},{"@type":"WebSite","@id":"https:\/\/2sweet4me.com\/sl\/#website","url":"https:\/\/2sweet4me.com\/sl\/","name":"2sweet4me","description":"Diabetes looking good","publisher":{"@id":"https:\/\/2sweet4me.com\/sl\/#organization"},"potentialAction":[{"@type":"SearchAction","target":{"@type":"EntryPoint","urlTemplate":"https:\/\/2sweet4me.com\/sl\/?s={search_term_string}"},"query-input":{"@type":"PropertyValueSpecification","valueRequired":true,"valueName":"search_term_string"}}],"inLanguage":"sl-SI"},{"@type":"Organization","@id":"https:\/\/2sweet4me.com\/sl\/#organization","name":"2sweet4me","url":"https:\/\/2sweet4me.com\/sl\/","logo":{"@type":"ImageObject","inLanguage":"sl-SI","@id":"https:\/\/2sweet4me.com\/sl\/#\/schema\/logo\/image\/","url":"https:\/\/2sweet4me.com\/wp-content\/uploads\/2023\/03\/My-Daily-Routine_2.png","contentUrl":"https:\/\/2sweet4me.com\/wp-content\/uploads\/2023\/03\/My-Daily-Routine_2.png","width":1600,"height":900,"caption":"2sweet4me"},"image":{"@id":"https:\/\/2sweet4me.com\/sl\/#\/schema\/logo\/image\/"}}]}},"_links":{"self":[{"href":"https:\/\/2sweet4me.com\/sl\/wp-json\/wp\/v2\/product\/7047","targetHints":{"allow":["GET"]}}],"collection":[{"href":"https:\/\/2sweet4me.com\/sl\/wp-json\/wp\/v2\/product"}],"about":[{"href":"https:\/\/2sweet4me.com\/sl\/wp-json\/wp\/v2\/types\/product"}],"version-history":[{"count":0,"href":"https:\/\/2sweet4me.com\/sl\/wp-json\/wp\/v2\/product\/7047\/revisions"}],"wp:featuredmedia":[{"embeddable":true,"href":"https:\/\/2sweet4me.com\/sl\/wp-json\/wp\/v2\/media\/6517"}],"wp:attachment":[{"href":"https:\/\/2sweet4me.com\/sl\/wp-json\/wp\/v2\/media?parent=7047"}],"wp:term":[{"taxonomy":"product_brand","embeddable":true,"href":"https:\/\/2sweet4me.com\/sl\/wp-json\/wp\/v2\/product_brand?post=7047"},{"taxonomy":"product_cat","embeddable":true,"href":"https:\/\/2sweet4me.com\/sl\/wp-json\/wp\/v2\/product_cat?post=7047"},{"taxonomy":"product_tag","embeddable":true,"href":"https:\/\/2sweet4me.com\/sl\/wp-json\/wp\/v2\/product_tag?post=7047"}],"curies":[{"name":"wp","href":"https:\/\/api.w.org\/{rel}","templated":true}]}}