{"id":7103,"date":"2023-10-13T09:46:49","date_gmt":"2023-10-13T07:46:49","guid":{"rendered":"https:\/\/2sweet4me.com\/product\/ovalen-obliz-nogometne-zoge\/"},"modified":"2026-05-02T09:30:37","modified_gmt":"2026-05-02T07:30:37","slug":"ovalen-obliz-nogomet","status":"publish","type":"product","link":"https:\/\/2sweet4me.com\/sl\/izdelek\/ovalen-obliz-nogomet\/","title":{"rendered":"Ovalni obli\u017e &#8211; NOGOMET &#8211; paket 5 obli\u017eev"},"content":{"rendered":"<p>Ta paket vsebuje 5 enakih obli\u017eev.<\/p>\n<p>Prihranite s koli\u010dinskim popustom:<\/p>\n<p>&#8211; 1 paket (5 obli\u017eev) \u2013 12,90 \u20ac<br \/>\n&#8211; 2 paketa (10 obli\u017eev) \u2013 22,90 \u20ac<br \/>\n&#8211; 3 paketi (15 obli\u017eev) \u2013 31,90 \u20ac<br \/>\n&#8211; 4 paketi (20 obli\u017eev) \u2013 39,80 \u20ac<\/p>\n<p>Obli\u017e ovalne oblike, brez izrezov, ki popolnoma prekrije in za\u0161\u010diti va\u0161 glukozni senzor.<\/p>\n<p>Va\u0161 senzor pritrdi in za\u0161\u010diti med vsakodnevnimi aktivnostmi, kot so prhanje, telovadba in spanje.<\/p>\n<p>Velikost: 7 x 10 cm<\/p>\n<p>Primeren za vse senzorje za neprekinjeno merjenje glukoze.<\/p>\n<p>Informacije o materialu: medicinski trak, namenjen za uporabo na ko\u017ei, lepilo je zasnovano za medicinske namene. Material diha in je primeren za stik z vodo. Ne povzro\u010da alergij. Obli\u017ei so dermatolo\u0161ko testirani. <\/p>\n<p>Izdelano v EU.<\/p>\n<p>Glejte tudi <strong><a href=\"https:\/\/2sweet4me\/sl\/pogosta-vprasanja\/\">Pogosta vpra\u0161anja<\/a><\/strong> in <a href=\"https:\/\/2sweet4me.com\/sl\/navodila-za-uporabo-oblizev\/\"><strong>Navodila za uporabo<\/strong><\/a>.<\/p>\n","protected":false},"excerpt":{"rendered":"<p>Ovalen obli\u017e (7 \u00d7 10 cm)<\/p>\n<p>1 paket = 5 obli\u017eev<\/p>\n<p>Primeren za vse vrste glukoznih senzorjev.<\/p>\n<p>Prihranite s koli\u010dinskim popustom.<\/p>\n","protected":false},"featured_media":6567,"template":"","meta":{"_monsterinsights_skip_tracking":false,"_monsterinsights_sitenote_active":false,"_monsterinsights_sitenote_note":"","_monsterinsights_sitenote_category":0,"site-sidebar-layout":"default","site-content-layout":"","ast-site-content-layout":"default","site-content-style":"default","site-sidebar-style":"default","ast-global-header-display":"","ast-banner-title-visibility":"","ast-main-header-display":"","ast-hfb-above-header-display":"","ast-hfb-below-header-display":"","ast-hfb-mobile-header-display":"","site-post-title":"","ast-breadcrumbs-content":"","ast-featured-img":"","footer-sml-layout":"","theme-transparent-header-meta":"default","adv-header-id-meta":"","stick-header-meta":"","header-above-stick-meta":"","header-main-stick-meta":"","header-below-stick-meta":"","astra-migrate-meta-layouts":"default","ast-page-background-enabled":"default","ast-page-background-meta":{"desktop":{"background-color":"","background-image":"","background-repeat":"repeat","background-position":"center center","background-size":"auto","background-attachment":"scroll","background-type":"","background-media":"","overlay-type":"","overlay-color":"","overlay-opacity":"","overlay-gradient":""},"tablet":{"background-color":"","background-image":"","background-repeat":"repeat","background-position":"center center","background-size":"auto","background-attachment":"scroll","background-type":"","background-media":"","overlay-type":"","overlay-color":"","overlay-opacity":"","overlay-gradient":""},"mobile":{"background-color":"","background-image":"","background-repeat":"repeat","background-position":"center center","background-size":"auto","background-attachment":"scroll","background-type":"","background-media":"","overlay-type":"","overlay-color":"","overlay-opacity":"","overlay-gradient":""}},"ast-content-background-meta":{"desktop":{"background-color":"var(--ast-global-color-5)","background-image":"","background-repeat":"repeat","background-position":"center center","background-size":"auto","background-attachment":"scroll","background-type":"","background-media":"","overlay-type":"","overlay-color":"","overlay-opacity":"","overlay-gradient":""},"tablet":{"background-color":"var(--ast-global-color-5)","background-image":"","background-repeat":"repeat","background-position":"center center","background-size":"auto","background-attachment":"scroll","background-type":"","background-media":"","overlay-type":"","overlay-color":"","overlay-opacity":"","overlay-gradient":""},"mobile":{"background-color":"var(--ast-global-color-5)","background-image":"","background-repeat":"repeat","background-position":"center center","background-size":"auto","background-attachment":"scroll","background-type":"","background-media":"","overlay-type":"","overlay-color":"","overlay-opacity":"","overlay-gradient":""}}},"product_brand":[],"product_cat":[106],"product_tag":[117,120,116,118],"class_list":{"0":"post-7103","1":"product","2":"type-product","3":"status-publish","4":"has-post-thumbnail","6":"product_cat-ovalni-oblizi","7":"product_tag-decki","8":"product_tag-moski","9":"product_tag-odrasli","10":"product_tag-otroci","11":"desktop-align-left","12":"tablet-align-left","13":"mobile-align-left","15":"first","16":"instock","17":"shipping-taxable","18":"purchasable","19":"product-type-simple"},"yoast_head":"<!-- This site is optimized with the Yoast SEO plugin v26.9 - https:\/\/yoast.com\/product\/yoast-seo-wordpress\/ -->\n<title>Ovalni obli\u017e - NOGOMET - paket 5 obli\u017eev | 2sweet4me<\/title>\n<meta name=\"robots\" content=\"index, follow, max-snippet:-1, max-image-preview:large, max-video-preview:-1\" \/>\n<link rel=\"canonical\" href=\"https:\/\/2sweet4me.com\/sl\/izdelek\/ovalen-obliz-nogomet\/\" \/>\n<meta property=\"og:locale\" content=\"sl_SI\" \/>\n<meta property=\"og:type\" content=\"article\" \/>\n<meta property=\"og:title\" content=\"Ovalni obli\u017e - NOGOMET - paket 5 obli\u017eev | 2sweet4me\" \/>\n<meta property=\"og:description\" content=\"Ovalen obli\u017e (7 \u00d7 10 cm)  1 paket = 5 obli\u017eev  Primeren za vse vrste glukoznih senzorjev.  Prihranite s koli\u010dinskim popustom.\" \/>\n<meta property=\"og:url\" content=\"https:\/\/2sweet4me.com\/sl\/izdelek\/ovalen-obliz-nogomet\/\" \/>\n<meta property=\"og:site_name\" content=\"2sweet4me\" \/>\n<meta property=\"article:modified_time\" content=\"2026-05-02T07:30:37+00:00\" \/>\n<meta property=\"og:image\" content=\"https:\/\/2sweet4me.com\/wp-content\/uploads\/2023\/09\/01-17-CGM-oval-overpatch-soccer.jpg\" \/>\n\t<meta property=\"og:image:width\" content=\"1000\" \/>\n\t<meta property=\"og:image:height\" content=\"1000\" \/>\n\t<meta property=\"og:image:type\" content=\"image\/jpeg\" \/>\n<meta name=\"twitter:card\" content=\"summary_large_image\" \/>\n<script type=\"application\/ld+json\" class=\"yoast-schema-graph\">{\"@context\":\"https:\/\/schema.org\",\"@graph\":[{\"@type\":\"WebPage\",\"@id\":\"https:\/\/2sweet4me.com\/sl\/izdelek\/ovalen-obliz-nogomet\/\",\"url\":\"https:\/\/2sweet4me.com\/sl\/izdelek\/ovalen-obliz-nogomet\/\",\"name\":\"Ovalni obli\u017e - NOGOMET - paket 5 obli\u017eev | 2sweet4me\",\"isPartOf\":{\"@id\":\"https:\/\/2sweet4me.com\/sl\/#website\"},\"primaryImageOfPage\":{\"@id\":\"https:\/\/2sweet4me.com\/sl\/izdelek\/ovalen-obliz-nogomet\/#primaryimage\"},\"image\":{\"@id\":\"https:\/\/2sweet4me.com\/sl\/izdelek\/ovalen-obliz-nogomet\/#primaryimage\"},\"thumbnailUrl\":\"https:\/\/2sweet4me.com\/wp-content\/uploads\/2023\/09\/01-17-CGM-oval-overpatch-soccer.jpg\",\"datePublished\":\"2023-10-13T07:46:49+00:00\",\"dateModified\":\"2026-05-02T07:30:37+00:00\",\"breadcrumb\":{\"@id\":\"https:\/\/2sweet4me.com\/sl\/izdelek\/ovalen-obliz-nogomet\/#breadcrumb\"},\"inLanguage\":\"sl-SI\",\"potentialAction\":[{\"@type\":\"ReadAction\",\"target\":[\"https:\/\/2sweet4me.com\/sl\/izdelek\/ovalen-obliz-nogomet\/\"]}]},{\"@type\":\"ImageObject\",\"inLanguage\":\"sl-SI\",\"@id\":\"https:\/\/2sweet4me.com\/sl\/izdelek\/ovalen-obliz-nogomet\/#primaryimage\",\"url\":\"https:\/\/2sweet4me.com\/wp-content\/uploads\/2023\/09\/01-17-CGM-oval-overpatch-soccer.jpg\",\"contentUrl\":\"https:\/\/2sweet4me.com\/wp-content\/uploads\/2023\/09\/01-17-CGM-oval-overpatch-soccer.jpg\",\"width\":1000,\"height\":1000,\"caption\":\"CGM oval overpatch soccer\"},{\"@type\":\"BreadcrumbList\",\"@id\":\"https:\/\/2sweet4me.com\/sl\/izdelek\/ovalen-obliz-nogomet\/#breadcrumb\",\"itemListElement\":[{\"@type\":\"ListItem\",\"position\":1,\"name\":\"Domov\",\"item\":\"https:\/\/2sweet4me.com\/sl\/domov\/\"},{\"@type\":\"ListItem\",\"position\":2,\"name\":\"Trgovina\",\"item\":\"https:\/\/2sweet4me.com\/sl\/trgovina\/\"},{\"@type\":\"ListItem\",\"position\":3,\"name\":\"Ovalni obli\u017e &#8211; NOGOMET &#8211; paket 5 obli\u017eev\"}]},{\"@type\":\"WebSite\",\"@id\":\"https:\/\/2sweet4me.com\/sl\/#website\",\"url\":\"https:\/\/2sweet4me.com\/sl\/\",\"name\":\"2sweet4me\",\"description\":\"Diabetes looking good\",\"publisher\":{\"@id\":\"https:\/\/2sweet4me.com\/sl\/#organization\"},\"potentialAction\":[{\"@type\":\"SearchAction\",\"target\":{\"@type\":\"EntryPoint\",\"urlTemplate\":\"https:\/\/2sweet4me.com\/sl\/?s={search_term_string}\"},\"query-input\":{\"@type\":\"PropertyValueSpecification\",\"valueRequired\":true,\"valueName\":\"search_term_string\"}}],\"inLanguage\":\"sl-SI\"},{\"@type\":\"Organization\",\"@id\":\"https:\/\/2sweet4me.com\/sl\/#organization\",\"name\":\"2sweet4me\",\"url\":\"https:\/\/2sweet4me.com\/sl\/\",\"logo\":{\"@type\":\"ImageObject\",\"inLanguage\":\"sl-SI\",\"@id\":\"https:\/\/2sweet4me.com\/sl\/#\/schema\/logo\/image\/\",\"url\":\"https:\/\/2sweet4me.com\/wp-content\/uploads\/2023\/03\/My-Daily-Routine_2.png\",\"contentUrl\":\"https:\/\/2sweet4me.com\/wp-content\/uploads\/2023\/03\/My-Daily-Routine_2.png\",\"width\":1600,\"height\":900,\"caption\":\"2sweet4me\"},\"image\":{\"@id\":\"https:\/\/2sweet4me.com\/sl\/#\/schema\/logo\/image\/\"}}]}<\/script>\n<!-- \/ Yoast SEO plugin. -->","yoast_head_json":{"title":"Ovalni obli\u017e - NOGOMET - paket 5 obli\u017eev | 2sweet4me","robots":{"index":"index","follow":"follow","max-snippet":"max-snippet:-1","max-image-preview":"max-image-preview:large","max-video-preview":"max-video-preview:-1"},"canonical":"https:\/\/2sweet4me.com\/sl\/izdelek\/ovalen-obliz-nogomet\/","og_locale":"sl_SI","og_type":"article","og_title":"Ovalni obli\u017e - NOGOMET - paket 5 obli\u017eev | 2sweet4me","og_description":"Ovalen obli\u017e (7 \u00d7 10 cm)  1 paket = 5 obli\u017eev  Primeren za vse vrste glukoznih senzorjev.  Prihranite s koli\u010dinskim popustom.","og_url":"https:\/\/2sweet4me.com\/sl\/izdelek\/ovalen-obliz-nogomet\/","og_site_name":"2sweet4me","article_modified_time":"2026-05-02T07:30:37+00:00","og_image":[{"width":1000,"height":1000,"url":"https:\/\/2sweet4me.com\/wp-content\/uploads\/2023\/09\/01-17-CGM-oval-overpatch-soccer.jpg","type":"image\/jpeg"}],"twitter_card":"summary_large_image","schema":{"@context":"https:\/\/schema.org","@graph":[{"@type":"WebPage","@id":"https:\/\/2sweet4me.com\/sl\/izdelek\/ovalen-obliz-nogomet\/","url":"https:\/\/2sweet4me.com\/sl\/izdelek\/ovalen-obliz-nogomet\/","name":"Ovalni obli\u017e - NOGOMET - paket 5 obli\u017eev | 2sweet4me","isPartOf":{"@id":"https:\/\/2sweet4me.com\/sl\/#website"},"primaryImageOfPage":{"@id":"https:\/\/2sweet4me.com\/sl\/izdelek\/ovalen-obliz-nogomet\/#primaryimage"},"image":{"@id":"https:\/\/2sweet4me.com\/sl\/izdelek\/ovalen-obliz-nogomet\/#primaryimage"},"thumbnailUrl":"https:\/\/2sweet4me.com\/wp-content\/uploads\/2023\/09\/01-17-CGM-oval-overpatch-soccer.jpg","datePublished":"2023-10-13T07:46:49+00:00","dateModified":"2026-05-02T07:30:37+00:00","breadcrumb":{"@id":"https:\/\/2sweet4me.com\/sl\/izdelek\/ovalen-obliz-nogomet\/#breadcrumb"},"inLanguage":"sl-SI","potentialAction":[{"@type":"ReadAction","target":["https:\/\/2sweet4me.com\/sl\/izdelek\/ovalen-obliz-nogomet\/"]}]},{"@type":"ImageObject","inLanguage":"sl-SI","@id":"https:\/\/2sweet4me.com\/sl\/izdelek\/ovalen-obliz-nogomet\/#primaryimage","url":"https:\/\/2sweet4me.com\/wp-content\/uploads\/2023\/09\/01-17-CGM-oval-overpatch-soccer.jpg","contentUrl":"https:\/\/2sweet4me.com\/wp-content\/uploads\/2023\/09\/01-17-CGM-oval-overpatch-soccer.jpg","width":1000,"height":1000,"caption":"CGM oval overpatch soccer"},{"@type":"BreadcrumbList","@id":"https:\/\/2sweet4me.com\/sl\/izdelek\/ovalen-obliz-nogomet\/#breadcrumb","itemListElement":[{"@type":"ListItem","position":1,"name":"Domov","item":"https:\/\/2sweet4me.com\/sl\/domov\/"},{"@type":"ListItem","position":2,"name":"Trgovina","item":"https:\/\/2sweet4me.com\/sl\/trgovina\/"},{"@type":"ListItem","position":3,"name":"Ovalni obli\u017e &#8211; NOGOMET &#8211; paket 5 obli\u017eev"}]},{"@type":"WebSite","@id":"https:\/\/2sweet4me.com\/sl\/#website","url":"https:\/\/2sweet4me.com\/sl\/","name":"2sweet4me","description":"Diabetes looking good","publisher":{"@id":"https:\/\/2sweet4me.com\/sl\/#organization"},"potentialAction":[{"@type":"SearchAction","target":{"@type":"EntryPoint","urlTemplate":"https:\/\/2sweet4me.com\/sl\/?s={search_term_string}"},"query-input":{"@type":"PropertyValueSpecification","valueRequired":true,"valueName":"search_term_string"}}],"inLanguage":"sl-SI"},{"@type":"Organization","@id":"https:\/\/2sweet4me.com\/sl\/#organization","name":"2sweet4me","url":"https:\/\/2sweet4me.com\/sl\/","logo":{"@type":"ImageObject","inLanguage":"sl-SI","@id":"https:\/\/2sweet4me.com\/sl\/#\/schema\/logo\/image\/","url":"https:\/\/2sweet4me.com\/wp-content\/uploads\/2023\/03\/My-Daily-Routine_2.png","contentUrl":"https:\/\/2sweet4me.com\/wp-content\/uploads\/2023\/03\/My-Daily-Routine_2.png","width":1600,"height":900,"caption":"2sweet4me"},"image":{"@id":"https:\/\/2sweet4me.com\/sl\/#\/schema\/logo\/image\/"}}]}},"_links":{"self":[{"href":"https:\/\/2sweet4me.com\/sl\/wp-json\/wp\/v2\/product\/7103","targetHints":{"allow":["GET"]}}],"collection":[{"href":"https:\/\/2sweet4me.com\/sl\/wp-json\/wp\/v2\/product"}],"about":[{"href":"https:\/\/2sweet4me.com\/sl\/wp-json\/wp\/v2\/types\/product"}],"version-history":[{"count":1,"href":"https:\/\/2sweet4me.com\/sl\/wp-json\/wp\/v2\/product\/7103\/revisions"}],"predecessor-version":[{"id":13253,"href":"https:\/\/2sweet4me.com\/sl\/wp-json\/wp\/v2\/product\/7103\/revisions\/13253"}],"wp:featuredmedia":[{"embeddable":true,"href":"https:\/\/2sweet4me.com\/sl\/wp-json\/wp\/v2\/media\/6567"}],"wp:attachment":[{"href":"https:\/\/2sweet4me.com\/sl\/wp-json\/wp\/v2\/media?parent=7103"}],"wp:term":[{"taxonomy":"product_brand","embeddable":true,"href":"https:\/\/2sweet4me.com\/sl\/wp-json\/wp\/v2\/product_brand?post=7103"},{"taxonomy":"product_cat","embeddable":true,"href":"https:\/\/2sweet4me.com\/sl\/wp-json\/wp\/v2\/product_cat?post=7103"},{"taxonomy":"product_tag","embeddable":true,"href":"https:\/\/2sweet4me.com\/sl\/wp-json\/wp\/v2\/product_tag?post=7103"}],"curies":[{"name":"wp","href":"https:\/\/api.w.org\/{rel}","templated":true}]}}